{"id":921,"date":"2022-10-06T16:06:07","date_gmt":"2022-10-06T19:06:07","guid":{"rendered":"http:\/\/www.fensg.upe.br\/?page_id=921"},"modified":"2026-01-13T09:18:12","modified_gmt":"2026-01-13T12:18:12","slug":"grupo-de-pesquisa","status":"publish","type":"page","link":"https:\/\/www.fensg.upe.br\/?page_id=921","title":{"rendered":"Grupo de Pesquisa"},"content":{"rendered":"\n<p class=\"has-text-align-center\"><strong><mark style=\"background-color:rgba(0, 0, 0, 0)\" class=\"has-inline-color has-black-color\">Gerenciamento dos Grupos de Pesquisa da FENSG-UPE Certificados pelo CNPQ 202<\/mark>5<\/strong><\/p>\n\n\n\n<div class=\"is-layout-flex wp-container-2 wp-block-columns\">\n<div class=\"is-layout-flow wp-block-column\" style=\"flex-basis:100%\">\n\n\n<div class=\"clear\"><\/div><div class=\"toggle close\"><h3 class=\"toggle-head-open\">Grupo de Estudos de Redes Integradas de Servi\u00e7os de Sa\u00fade (GERISS)<i class=\"fa fa-angle-up\"><\/i><\/h3><h3 class=\"toggle-head-close\">Grupo de Estudos de Redes Integradas de Servi\u00e7os de Sa\u00fade (GERISS)<i class=\"fa fa-angle-down\"><\/i><\/h3><div class=\"toggle-content\">\n\t\t\t<br>L\u00edder(es):<br>Prof\u00aa. Maria Rejane Ferreira da Silva<br>Prof\u00aa. Betise Mery Alencar Sousa Macau Furtado<br>\n\t\t\t<\/div><\/div>\n\n\n\n<div class=\"clear\"><\/div><div class=\"toggle close\"><h3 class=\"toggle-head-open\">Grupo de Estudos em Estomaterapia<i class=\"fa fa-angle-up\"><\/i><\/h3><h3 class=\"toggle-head-close\">Grupo de Estudos em Estomaterapia<i class=\"fa fa-angle-down\"><\/i><\/h3><div class=\"toggle-content\">\n\t\t\t<br>L\u00edder(es):<br>Prof\u00aa. Isabel Cristina Ramos Vieira Santos<br>Prof\u00aa. Mar\u00edlia Perrelli Valen\u00e7a<br>\n\t\t\t<\/div><\/div>\n\n\n\n<div class=\"clear\"><\/div><div class=\"toggle close\"><h3 class=\"toggle-head-open\">Grupo de Estudos e Pesquisa em Inova\u00e7\u00e3o e Empreendedorismo na Assist\u00eancia \u00e0 Sa\u00fade (INOVES)<i class=\"fa fa-angle-up\"><\/i><\/h3><h3 class=\"toggle-head-close\">Grupo de Estudos e Pesquisa em Inova\u00e7\u00e3o e Empreendedorismo na Assist\u00eancia \u00e0 Sa\u00fade (INOVES)<i class=\"fa fa-angle-down\"><\/i><\/h3><div class=\"toggle-content\">\n\t\t\t<br>L\u00edder(es):<br>Prof\u00aa. Maria Mariana Barros Melo da Silveira<br>Prof\u00aa. Thaisa Remigio Figueir\u00eado<br>\n\t\t\t<\/div><\/div>\n\n\n\n<div class=\"clear\"><\/div><div class=\"toggle close\"><h3 class=\"toggle-head-open\">Grupo de Estudos e Pesquisas em Doen\u00e7as Infecciosas e Negligenciadas (GEPDIN)<i class=\"fa fa-angle-up\"><\/i><\/h3><h3 class=\"toggle-head-close\">Grupo de Estudos e Pesquisas em Doen\u00e7as Infecciosas e Negligenciadas (GEPDIN)<i class=\"fa fa-angle-down\"><\/i><\/h3><div class=\"toggle-content\">\n\t\t\t<br>L\u00edder(es):<br>Prof\u00aa. Maria Beatriz Ara\u00fajo Silva<br>Prof\u00aa. Katiuscia Ara\u00fajo de Miranda Lopes<br>\n\t\t\t<\/div><\/div>\n\n\n\n<div class=\"clear\"><\/div><div class=\"toggle close\"><h3 class=\"toggle-head-open\">Grupo de Estudos e Pesquisas em Epistemologia e Fundamentos do Cuidar em Sa\u00fade e Enfermagem<i class=\"fa fa-angle-up\"><\/i><\/h3><h3 class=\"toggle-head-close\">Grupo de Estudos e Pesquisas em Epistemologia e Fundamentos do Cuidar em Sa\u00fade e Enfermagem<i class=\"fa fa-angle-down\"><\/i><\/h3><div class=\"toggle-content\">\n\t\t\t<br>L\u00edder:<br>Prof\u00aa.Fatima Maria da Silva Abr\u00e3o<br>\n\t\t\t<\/div><\/div>\n\n\n\n<div class=\"clear\"><\/div><div class=\"toggle close\"><h3 class=\"toggle-head-open\">Grupo de Estudos Pesquisas em Sa\u00fade P\u00fablica (GEPSC)<i class=\"fa fa-angle-up\"><\/i><\/h3><h3 class=\"toggle-head-close\">Grupo de Estudos Pesquisas em Sa\u00fade P\u00fablica (GEPSC)<i class=\"fa fa-angle-down\"><\/i><\/h3><div class=\"toggle-content\">\n\t\t\t<br>L\u00edder(es):<br>Prof\u00aa. Rute C\u00e2ndida Pereira<br>Prof\u00aa. Vera Rejane do Nascimento Greg\u00f3rio<br>\n\t\t\t<\/div><\/div>\n\n\n\n<div class=\"clear\"><\/div><div class=\"toggle close\"><h3 class=\"toggle-head-open\">Grupo de Estudos e Pesquisas Enfermagem na Promo\u00e7\u00e3o \u00e0 Sa\u00fade de Popula\u00e7\u00f5es Vulner\u00e1veis (GEPEV)<i class=\"fa fa-angle-up\"><\/i><\/h3><h3 class=\"toggle-head-close\">Grupo de Estudos e Pesquisas Enfermagem na Promo\u00e7\u00e3o \u00e0 Sa\u00fade de Popula\u00e7\u00f5es Vulner\u00e1veis (GEPEV)<i class=\"fa fa-angle-down\"><\/i><\/h3><div class=\"toggle-content\">\n\t\t\t<br>L\u00edder(es):<br>Prof\u00aa Bet\u00e2nia da Mata Ribeiro Gomes<br>Prof\u00aa Jael Maria de Aquino<br>\n\t\t\t<\/div><\/div>\n\n\n\n<div class=\"clear\"><\/div><div class=\"toggle close\"><h3 class=\"toggle-head-open\">Grupo de Estudos e Pesquisa sobre Viol\u00eancia<i class=\"fa fa-angle-up\"><\/i><\/h3><h3 class=\"toggle-head-close\">Grupo de Estudos e Pesquisa sobre Viol\u00eancia<i class=\"fa fa-angle-down\"><\/i><\/h3><div class=\"toggle-content\">\n\t\t\t<br>L\u00edder(es):<br>Prof\u00aa Lygia Maria Pereira da Silva<br>Prof\u00aa Maria Aparecida Beserra<br>\n\t\t\t<\/div><\/div>\n\n\n\n<div class=\"clear\"><\/div><div class=\"toggle close\"><h3 class=\"toggle-head-open\">Grupo de Pesquisa e Extens\u00e3o Cuidado e Direito \u00e0 Sa\u00fade de Popula\u00e7\u00f5es Vulner\u00e1veis (GRUPEV)<i class=\"fa fa-angle-up\"><\/i><\/h3><h3 class=\"toggle-head-close\">Grupo de Pesquisa e Extens\u00e3o Cuidado e Direito \u00e0 Sa\u00fade de Popula\u00e7\u00f5es Vulner\u00e1veis (GRUPEV)<i class=\"fa fa-angle-down\"><\/i><\/h3><div class=\"toggle-content\">\n\t\t\t<br>L\u00edder(es):<br>Prof\u00aa Danielle Christine Moura dos Santos<br>Prof\u00aa Raphaela Delmondes do Nascimento<br>\n\t\t\t<\/div><\/div>\n\n\n\n<div class=\"clear\"><\/div><div class=\"toggle close\"><h3 class=\"toggle-head-open\">Grupo de Pesquisa Fundamentos e Pr\u00e1ticas do Cuidar em Enfermagem Cardiovascular  ( GPFPCENC)<i class=\"fa fa-angle-up\"><\/i><\/h3><h3 class=\"toggle-head-close\">Grupo de Pesquisa Fundamentos e Pr\u00e1ticas do Cuidar em Enfermagem Cardiovascular  ( GPFPCENC)<i class=\"fa fa-angle-down\"><\/i><\/h3><div class=\"toggle-content\">\n\t\t\t<br>L\u00edder(es):<br>Prof\u00aa Simone Maria Muniz da Silva Bezerra<br>Prof. Walmir Soares da Silva Junior<br>\n\t\t\t<\/div><\/div>\n\n\n\n<div class=\"clear\"><\/div><div class=\"toggle close\"><h3 class=\"toggle-head-open\">Grupo de Pesquisa Inform\u00e1tica em Sa\u00fade (GPIS)<i class=\"fa fa-angle-up\"><\/i><\/h3><h3 class=\"toggle-head-close\">Grupo de Pesquisa Inform\u00e1tica em Sa\u00fade (GPIS)<i class=\"fa fa-angle-down\"><\/i><\/h3><div class=\"toggle-content\">\n\t\t\t<br>L\u00edder(es):<br>Prof\u00aa Claudinalle Farias Queiroz de Souza<br>Prof\u00aa Leticia Moura Mulatinho<br>\n\t\t\t<\/div><\/div>\n\n\n\n<div class=\"clear\"><\/div><div class=\"toggle close\"><h3 class=\"toggle-head-open\">Grupo de Pesquisa sobre Integralidade do Cuidado \u00e0 Pessoa Adulta e Idosa<i class=\"fa fa-angle-up\"><\/i><\/h3><h3 class=\"toggle-head-close\">Grupo de Pesquisa sobre Integralidade do Cuidado \u00e0 Pessoa Adulta e Idosa<i class=\"fa fa-angle-down\"><\/i><\/h3><div class=\"toggle-content\">\n\t\t\t<br>L\u00edder(es):<br>Prof\u00aa Fabia Maria de Lima<br>Prof\u00aa Felicialle Pereira da Silva<br>\n\t\t\t<\/div><\/div>\n\n\n\n<div class=\"clear\"><\/div><div class=\"toggle close\"><h3 class=\"toggle-head-open\">Pr\u00e1ticas e Tecnologias para Promo\u00e7\u00e3o e Seguran\u00e7a na Assist\u00eancia<i class=\"fa fa-angle-up\"><\/i><\/h3><h3 class=\"toggle-head-close\">Pr\u00e1ticas e Tecnologias para Promo\u00e7\u00e3o e Seguran\u00e7a na Assist\u00eancia<i class=\"fa fa-angle-down\"><\/i><\/h3><div class=\"toggle-content\">\n\t\t\t<br>L\u00edder(es):<br>Prof\u00aa Emanuela Batista Ferreira e Pereira<br>Prof\u00aa Regina C\u00e9lia de Oliveira<br>\n\t\t\t<\/div><\/div>\n\n\n\n<div class=\"clear\"><\/div><div class=\"toggle close\"><h3 class=\"toggle-head-open\">Grupo de Pesquisa em Gest\u00e3o em Sa\u00fade e Aten\u00e7\u00e3o Integral em HIV\/aids - REDE+<i class=\"fa fa-angle-up\"><\/i><\/h3><h3 class=\"toggle-head-close\">Grupo de Pesquisa em Gest\u00e3o em Sa\u00fade e Aten\u00e7\u00e3o Integral em HIV\/aids - REDE+<i class=\"fa fa-angle-down\"><\/i><\/h3><div class=\"toggle-content\">\n\t\t\t<br>L\u00edder:<br>Prof\u00aa Maria Sandra Andrade<br>\n\t\t\t<\/div><\/div>\n<\/div>\n<\/div>\n","protected":false},"excerpt":{"rendered":"<p>Gerenciamento dos Grupos de Pesquisa da FENSG-UPE Certificados pelo CNPQ 2025<\/p>\n","protected":false},"author":2,"featured_media":0,"parent":0,"menu_order":0,"comment_status":"closed","ping_status":"closed","template":"","meta":[],"_links":{"self":[{"href":"https:\/\/www.fensg.upe.br\/index.php?rest_route=\/wp\/v2\/pages\/921"}],"collection":[{"href":"https:\/\/www.fensg.upe.br\/index.php?rest_route=\/wp\/v2\/pages"}],"about":[{"href":"https:\/\/www.fensg.upe.br\/index.php?rest_route=\/wp\/v2\/types\/page"}],"author":[{"embeddable":true,"href":"https:\/\/www.fensg.upe.br\/index.php?rest_route=\/wp\/v2\/users\/2"}],"replies":[{"embeddable":true,"href":"https:\/\/www.fensg.upe.br\/index.php?rest_route=%2Fwp%2Fv2%2Fcomments&post=921"}],"version-history":[{"count":5,"href":"https:\/\/www.fensg.upe.br\/index.php?rest_route=\/wp\/v2\/pages\/921\/revisions"}],"predecessor-version":[{"id":2062,"href":"https:\/\/www.fensg.upe.br\/index.php?rest_route=\/wp\/v2\/pages\/921\/revisions\/2062"}],"wp:attachment":[{"href":"https:\/\/www.fensg.upe.br\/index.php?rest_route=%2Fwp%2Fv2%2Fmedia&parent=921"}],"curies":[{"name":"wp","href":"https:\/\/api.w.org\/{rel}","templated":true}]}}