{"id":2029,"date":"2025-12-02T13:03:47","date_gmt":"2025-12-02T16:03:47","guid":{"rendered":"https:\/\/www.fensg.upe.br\/?page_id=2029"},"modified":"2025-12-02T13:29:30","modified_gmt":"2025-12-02T16:29:30","slug":"requisicao-de-colacao-diploma","status":"publish","type":"page","link":"https:\/\/www.fensg.upe.br\/?page_id=2029","title":{"rendered":"Requisi\u00e7\u00e3o de Cola\u00e7\u00e3o\/Diploma"},"content":{"rendered":"\n<p><strong>SOLICITA\u00c7\u00c3O DE EMISS\u00c3O DE DIPLOMA DIGITAL DOS CURSOS DE GRADUA\u00c7\u00c3O<\/strong><\/p>\n\n\n\n<p>Para dar entrada na solicita\u00e7\u00e3o de emiss\u00e3o de diploma digital o(a) discente dever\u00e1 acessar o formul\u00e1rio do Google (<a rel=\"noreferrer noopener\" href=\"https:\/\/docs.google.com\/forms\/d\/e\/1FAIpQLSeS0M54cbbZ1BK-3KQTAK5cKBTNFosGStMGrtSvCbis-ER8Cw\/viewform?usp=publish-editor\" target=\"_blank\"><strong>Acesse o Formul\u00e1rio por Este Link<\/strong><\/a>), devendo anexar todos os documentos listados abaixo em\u00a0<strong>ARQUIVO \u00daNICO<\/strong>, em\u00a0<strong>FORMATO PDF-A<\/strong>\u00a0e em TAMANHO INFERIOR A\u00a0<strong>10MB<\/strong>.<br>IMPORTANTE: TODOS OS DOCUMENTOS DEVEM SER SALVOS EM UM \u00daNICO ARQUIVO.<\/p>\n\n\n\n<p><strong>1\u00ba VIA:<\/strong><\/p>\n\n\n\n<ol>\n<li>Requerimento de emiss\u00e3o de diploma de gradua\u00e7\u00e3o, que deve ser preenchido, datado e assinado (<a rel=\"noreferrer noopener\" href=\"https:\/\/drive.google.com\/file\/d\/1HKLHPtPaEBcIBAXMtGWOffKuUa2Og-QB\/view?usp=sharing\" target=\"_blank\"><strong>Acesse o Requerimento por este Link<\/strong><\/a>);<\/li>\n\n\n\n<li>Documento de identifica\u00e7\u00e3o com foto (s\u00e3o admitidos RG, CNH e Carteira Funcional emitida por Conselhos de Classe, desde que nestes documentos constem o n\u00ba do Registro Civil);<\/li>\n\n\n\n<li>CPF (n\u00e3o ser\u00e1 necess\u00e1rio se constar no documento de identifica\u00e7\u00e3o);<\/li>\n\n\n\n<li>Comprovante de quita\u00e7\u00e3o eleitoral (certid\u00e3o emitida no site do TSE);<\/li>\n\n\n\n<li>Certid\u00e3o de nascimento ou casamento;<\/li>\n\n\n\n<li>Ficha 19 (Hist\u00f3rico Escolar + Certificado de Conclus\u00e3o do Ensino M\u00e9dio);<\/li>\n<\/ol>\n\n\n\n<p><strong>ATEN\u00c7\u00c3O:&nbsp;<\/strong>O prazo de tramita\u00e7\u00e3o do processo de diploma \u00e9 de 60 (sessenta) dias. Esse prazo poder\u00e1 ser prorrogado nos casos extraordin\u00e1rios.<\/p>\n\n\n\n<p><strong>2\u00aa VIA:<\/strong><br>Para os casos em que o discente j\u00e1 tenha diploma f\u00edsico registrado.<\/p>\n\n\n\n<ol>\n<li>Requerimento de emiss\u00e3o de 2\u00ba via de diploma de gradua\u00e7\u00e3o que deve ser preenchido, datado e assinado (<a rel=\"noreferrer noopener\" href=\"https:\/\/drive.google.com\/file\/d\/1HKLHPtPaEBcIBAXMtGWOffKuUa2Og-QB\/view?usp=sharing\" target=\"_blank\"><strong>Acesse o Requerimento por este Link<\/strong><\/a>).<\/li>\n\n\n\n<li>Comprovante de pagamento da taxa de segunda via, em valor e conta conforme orienta\u00e7\u00e3o da escolaridade;<\/li>\n\n\n\n<li>Devolu\u00e7\u00e3o da primeira 1\u00ba original do diploma f\u00edsico registrado (em todos os casos, exceto perda);<\/li>\n\n\n\n<li>Boletim de ocorr\u00eancia (no caso de perda);<\/li>\n\n\n\n<li>C\u00f3pia do diploma ou Informa\u00e7\u00e3o do registro da 1\u00ba via f\u00edsica (no caso de perda).<\/li>\n\n\n\n<li>Documento de identifica\u00e7\u00e3o com foto (s\u00e3o admitidos RG, CNH e Carteira Funcional emitida por Conselhos de Classe, desde que nestes documentos constem o n\u00ba do Registro Civil);<\/li>\n\n\n\n<li>CPF (n\u00e3o ser\u00e1 necess\u00e1rio se constar no documento de identifica\u00e7\u00e3o);<\/li>\n\n\n\n<li>Comprovante de quita\u00e7\u00e3o eleitoral (certid\u00e3o emitida no site do TSE);<\/li>\n\n\n\n<li>Certid\u00e3o de nascimento ou casamento;<\/li>\n<\/ol>\n\n\n\n<p><br><strong>ATEN\u00c7\u00c3O:<\/strong>&nbsp;O prazo de tramita\u00e7\u00e3o do processo de diploma \u00e9 de 120 (sessenta) dias. Esse prazo poder\u00e1 ser prorrogado nos casos extraordin\u00e1rios.<br>Ap\u00f3s envio da documenta\u00e7\u00e3o necess\u00e1ria pelo forms, o (a) graduado (a) dever\u00e1 informar a escolaridade por e-mail, sobre a formaliza\u00e7\u00e3o do requerimento.<br><br><strong>ACOMPANHAMENTO E DOWNLOAD DO DIPLOMA<\/strong><br><br>Ap\u00f3s fazer a solicita\u00e7\u00e3o, o graduado dever\u00e1 acompanhar o andamento do processo de emiss\u00e3o do diploma via SIGA pelo Menu: Conclus\u00e3o -&gt; Processo de emiss\u00e3o de Diploma -&gt; Situa\u00e7\u00e3o do Processo, e realizar o Download do diploma por meio do link e c\u00f3digo disponibilizado no SIGA ap\u00f3s a conclus\u00e3o do processo. Recomendamos que o graduado guarde o seu c\u00f3digo gerado para o caso de necessidade de Download futuro.<\/p>\n","protected":false},"excerpt":{"rendered":"<p>SOLICITA\u00c7\u00c3O DE EMISS\u00c3O DE DIPLOMA DIGITAL DOS CURSOS DE GRADUA\u00c7\u00c3O Para dar entrada na solicita\u00e7\u00e3o de emiss\u00e3o de diploma digital o(a) discente dever\u00e1 acessar o formul\u00e1rio do Google (Acesse o Formul\u00e1rio por Este Link), devendo anexar todos os documentos listados abaixo em\u00a0ARQUIVO \u00daNICO, em\u00a0FORMATO PDF-A\u00a0e em TAMANHO INFERIOR A\u00a010MB.IMPORTANTE: TODOS OS DOCUMENTOS DEVEM SER SALVOS &hellip;<\/p>\n","protected":false},"author":1,"featured_media":0,"parent":0,"menu_order":0,"comment_status":"closed","ping_status":"closed","template":"","meta":[],"_links":{"self":[{"href":"https:\/\/www.fensg.upe.br\/index.php?rest_route=\/wp\/v2\/pages\/2029"}],"collection":[{"href":"https:\/\/www.fensg.upe.br\/index.php?rest_route=\/wp\/v2\/pages"}],"about":[{"href":"https:\/\/www.fensg.upe.br\/index.php?rest_route=\/wp\/v2\/types\/page"}],"author":[{"embeddable":true,"href":"https:\/\/www.fensg.upe.br\/index.php?rest_route=\/wp\/v2\/users\/1"}],"replies":[{"embeddable":true,"href":"https:\/\/www.fensg.upe.br\/index.php?rest_route=%2Fwp%2Fv2%2Fcomments&post=2029"}],"version-history":[{"count":3,"href":"https:\/\/www.fensg.upe.br\/index.php?rest_route=\/wp\/v2\/pages\/2029\/revisions"}],"predecessor-version":[{"id":2051,"href":"https:\/\/www.fensg.upe.br\/index.php?rest_route=\/wp\/v2\/pages\/2029\/revisions\/2051"}],"wp:attachment":[{"href":"https:\/\/www.fensg.upe.br\/index.php?rest_route=%2Fwp%2Fv2%2Fmedia&parent=2029"}],"curies":[{"name":"wp","href":"https:\/\/api.w.org\/{rel}","templated":true}]}}