{"id":1821,"date":"2024-08-21T11:09:06","date_gmt":"2024-08-21T14:09:06","guid":{"rendered":"https:\/\/www.fensg.upe.br\/?page_id=1821"},"modified":"2024-08-21T11:26:30","modified_gmt":"2024-08-21T14:26:30","slug":"pelo-direito-de-decidir","status":"publish","type":"page","link":"https:\/\/www.fensg.upe.br\/?page_id=1821","title":{"rendered":"Pelo Direito de Decidir"},"content":{"rendered":"\n<h4> Pelo Direito de Decidir: Sa\u00fade Sexual e Reprodutiva<\/h4>\n\n<p align=\"justify\">Tem como finalidade: Contribuir para o empoderamento da popula\u00e7\u00e3o usu\u00e1ria do Sistema \u00danico de Sa\u00fade acerca de Sa\u00fade Sexual e Reprodutiva; Atuar na propaga\u00e7\u00e3o do empoderamento feminino e no protagonismo da mulher durante todos os processos relacionados aos seus corpos;\u00a0Promover a Educa\u00e7\u00e3o em Sa\u00fade de forma h\u00edbrida (remotamente e presencialmente); Contribuir para a transforma\u00e7\u00e3o social, com debates acerca dos Determinantes Sociais em Sa\u00fade. Conta com a participa\u00e7\u00e3o de 20 alunos e n\u00e3o recebe fomento.<\/p>\n","protected":false},"excerpt":{"rendered":"<p>Pelo Direito de Decidir: Sa\u00fade Sexual e Reprodutiva Tem como finalidade: Contribuir para o empoderamento da popula\u00e7\u00e3o usu\u00e1ria do Sistema \u00danico de Sa\u00fade acerca de Sa\u00fade Sexual e Reprodutiva; Atuar na propaga\u00e7\u00e3o do empoderamento feminino e no protagonismo da mulher durante todos os processos relacionados aos seus corpos;\u00a0Promover a Educa\u00e7\u00e3o em Sa\u00fade de forma h\u00edbrida &hellip;<\/p>\n","protected":false},"author":2,"featured_media":0,"parent":0,"menu_order":0,"comment_status":"closed","ping_status":"closed","template":"","meta":[],"_links":{"self":[{"href":"https:\/\/www.fensg.upe.br\/index.php?rest_route=\/wp\/v2\/pages\/1821"}],"collection":[{"href":"https:\/\/www.fensg.upe.br\/index.php?rest_route=\/wp\/v2\/pages"}],"about":[{"href":"https:\/\/www.fensg.upe.br\/index.php?rest_route=\/wp\/v2\/types\/page"}],"author":[{"embeddable":true,"href":"https:\/\/www.fensg.upe.br\/index.php?rest_route=\/wp\/v2\/users\/2"}],"replies":[{"embeddable":true,"href":"https:\/\/www.fensg.upe.br\/index.php?rest_route=%2Fwp%2Fv2%2Fcomments&post=1821"}],"version-history":[{"count":2,"href":"https:\/\/www.fensg.upe.br\/index.php?rest_route=\/wp\/v2\/pages\/1821\/revisions"}],"predecessor-version":[{"id":1842,"href":"https:\/\/www.fensg.upe.br\/index.php?rest_route=\/wp\/v2\/pages\/1821\/revisions\/1842"}],"wp:attachment":[{"href":"https:\/\/www.fensg.upe.br\/index.php?rest_route=%2Fwp%2Fv2%2Fmedia&parent=1821"}],"curies":[{"name":"wp","href":"https:\/\/api.w.org\/{rel}","templated":true}]}}