{"id":1820,"date":"2024-08-21T11:09:06","date_gmt":"2024-08-21T14:09:06","guid":{"rendered":"https:\/\/www.fensg.upe.br\/?page_id=1820"},"modified":"2024-08-21T11:24:10","modified_gmt":"2024-08-21T14:24:10","slug":"autocuidado-a-gestantes-de-alto-risco","status":"publish","type":"page","link":"https:\/\/www.fensg.upe.br\/?page_id=1820","title":{"rendered":"Autocuidado a Gestantes de Alto Risco"},"content":{"rendered":"\n<h4> Interven\u00e7\u00e3o Educativa para Promo\u00e7\u00e3o do Autocuidado a Gestantes de Alto Risco a Partir de Uma Teoria de M\u00e9dio Alcan\u00e7e<\/h4>\n\n<p><p align=\"justify\"> O projeto de extens\u00e3o\u00a0\u201cINTERVEN\u00c7\u00c3O EDUCATIVA PARA\u00a0PROMO\u00c7\u00c3O DO AUTOCUIDADO A GESTANTES DE ALTO RISCO A\u00a0PARTIR DE UMA TEORIA DE M\u00c9DIO ALCANCE\u201d\u00a0tem por finalidade implementar interven\u00e7\u00e3o educativa para promo\u00e7\u00e3o do autocuidado a gestantes de alto risco a partir de uma Teoria de M\u00e9dio Alcance e ser\u00e1 desenvolvido no ambulat\u00f3rio de gesta\u00e7\u00e3o de alto risco do Centro Universit\u00e1rio Integrado de Sa\u00fade Amaury de Medeiros (CISAM), vinculado \u00e0 Universidade de Pernambuco (UPE). Este projeto tem como objeto de atua\u00e7\u00e3o a educa\u00e7\u00e3o em sa\u00fade \u00e0s gestantes de alto\u00a0risco e est\u00e1 relacionado ao Objetivo de Desenvolvimento Sustent\u00e1vel (ODS) 3 \u2013 sa\u00fade e\u00a0bem-estar &#8211; da Organiza\u00e7\u00e3o das Na\u00e7\u00f5es Unidas (ONU), o qual visa assegurar uma vida\u00a0saud\u00e1vel e promover o bem- estar para todos e em todas as idades. As interven\u00e7\u00f5es educativas ocorrer\u00e3o mensalmente, ap\u00f3s treinamentos pr\u00e9vios\u00a0com a coordenadora do projeto, Profa. Ryanne Carolynne Marques Gomes Mendes, e o\u00a0docente colaborador Prof. Dr. Diego Augusto Lopes Oliveira.<\/p>\n","protected":false},"excerpt":{"rendered":"<p>Interven\u00e7\u00e3o Educativa para Promo\u00e7\u00e3o do Autocuidado a Gestantes de Alto Risco a Partir de Uma Teoria de M\u00e9dio Alcan\u00e7e O projeto de extens\u00e3o\u00a0\u201cINTERVEN\u00c7\u00c3O EDUCATIVA PARA\u00a0PROMO\u00c7\u00c3O DO AUTOCUIDADO A GESTANTES DE ALTO RISCO A\u00a0PARTIR DE UMA TEORIA DE M\u00c9DIO ALCANCE\u201d\u00a0tem por finalidade implementar interven\u00e7\u00e3o educativa para promo\u00e7\u00e3o do autocuidado a gestantes de alto risco a partir &hellip;<\/p>\n","protected":false},"author":2,"featured_media":0,"parent":0,"menu_order":0,"comment_status":"closed","ping_status":"closed","template":"","meta":[],"_links":{"self":[{"href":"https:\/\/www.fensg.upe.br\/index.php?rest_route=\/wp\/v2\/pages\/1820"}],"collection":[{"href":"https:\/\/www.fensg.upe.br\/index.php?rest_route=\/wp\/v2\/pages"}],"about":[{"href":"https:\/\/www.fensg.upe.br\/index.php?rest_route=\/wp\/v2\/types\/page"}],"author":[{"embeddable":true,"href":"https:\/\/www.fensg.upe.br\/index.php?rest_route=\/wp\/v2\/users\/2"}],"replies":[{"embeddable":true,"href":"https:\/\/www.fensg.upe.br\/index.php?rest_route=%2Fwp%2Fv2%2Fcomments&post=1820"}],"version-history":[{"count":2,"href":"https:\/\/www.fensg.upe.br\/index.php?rest_route=\/wp\/v2\/pages\/1820\/revisions"}],"predecessor-version":[{"id":1840,"href":"https:\/\/www.fensg.upe.br\/index.php?rest_route=\/wp\/v2\/pages\/1820\/revisions\/1840"}],"wp:attachment":[{"href":"https:\/\/www.fensg.upe.br\/index.php?rest_route=%2Fwp%2Fv2%2Fmedia&parent=1820"}],"curies":[{"name":"wp","href":"https:\/\/api.w.org\/{rel}","templated":true}]}}