{"id":1810,"date":"2024-08-15T15:25:45","date_gmt":"2024-08-15T18:25:45","guid":{"rendered":"https:\/\/www.fensg.upe.br\/?page_id=1810"},"modified":"2024-08-21T13:07:16","modified_gmt":"2024-08-21T16:07:16","slug":"liga-academica","status":"publish","type":"page","link":"https:\/\/www.fensg.upe.br\/?page_id=1810","title":{"rendered":"Liga Acad\u00eamica"},"content":{"rendered":"\n<p><\/p>\n\n\n<ul>\n<h4>Liga Acad\u00eamica Interdisciplinar em Doen\u00e7a de Chagas<\/h4>\n<p><\/p>\n<p align=\"justify\">A Liga Acad\u00eamica Interdisciplinar em Doen\u00e7a de Chagas (LAIDCH) da Universidade de Pernambuco (UPE), tem como objeto de atua\u00e7\u00e3o a pr\u00e1tica de educa\u00e7\u00e3o em sa\u00fade no \u00e2mbito interdisciplinar \u00e0s pessoas afetadas com doen\u00e7a de Chagas Os Cursos de gradua\u00e7\u00e3o da UPE envolvidos s\u00e3o: Enfermagem, Medicina, Sa\u00fade Coletiva, Ci\u00eancias Sociais, Educa\u00e7\u00e3o F\u00edsica, Terapia Ocupacional, Ci\u00eancias Biol\u00f3gicas, Odontologia entre outros do Campus Recife da UPE, tendo como orientadora:&nbsp; Prof. Dra. Carolina de Ara\u00fajo Medeiros e coorientadora: Prof. Dra. Maria Beatriz Ara\u00fajo Silva da Faculdade de Enfermagem Nossa Senhora das Gra\u00e7as (FENSG\/UPE) e parceria com o Ambulat\u00f3rio de Doen\u00e7a de Chagas e Insufici\u00eancia Card\u00edaca do Pronto Socorro Cardiol\u00f3gico de Pernambuco Prof. Luiz Tavares (PROCAP\/UPE), servi\u00e7o de refer\u00eancia em doen\u00e7a de Chagas do estado de Pernambuco.&nbsp;<\/p>\n<p align=\"justify\">A implanta\u00e7\u00e3o da LAIDCH foi cadastrada pela FENSG e certificada pela Pr\u00f3-reitora de Extens\u00e3o e Cultura (PROEC) da UPE em junho de 2024. O local de desenvolvimento das atividades ser\u00e1 no Ambulat\u00f3rio de Doen\u00e7a de Chagas e Insufici\u00eancia Card\u00edaca do PROCAPE-UPE.&nbsp; O edital para sele\u00e7\u00e3o dos ligantes foi publicado em 27 de junho de 2024, com o processo seletivo sendo realizado em julho e in\u00edcio das atividades em agosto de 2024.&nbsp;A LAIDCH desenvolver\u00e1 atividades interdisciplinares de educa\u00e7\u00e3o em sa\u00fade, integra\u00e7\u00e3o, di\u00e1logo e atua\u00e7\u00e3o de m\u00faltiplos atores da comunidade acad\u00eamica em busca de contribuir na aten\u00e7\u00e3o biopsicossocial das pessoas afetadas com doen\u00e7a de Chagas. A LAIDCH prop\u00f5e atividades de informa\u00e7\u00e3o, educa\u00e7\u00e3o e comunica\u00e7\u00e3o para a comunidade afetada, refletindo tamb\u00e9m sobre os determinantes sociais, est\u00edmulo e capacita\u00e7\u00f5es dos discentes e profissionais de sa\u00fade.<\/p>\n<\/ul>\n\n\n\n<p class=\"has-text-align-left\"><\/p>\n\n\n\n<p class=\"has-text-align-left\">&nbsp;<\/p>\n\n\n\n<p><\/p>\n\n\n\n<p class=\"has-text-align-center\"><img decoding=\"async\" loading=\"lazy\" alt=\"Logotipo\n\nDescri\u00e7\u00e3o gerada automaticamente\" src=\"https:\/\/lh7-rt.googleusercontent.com\/docsz\/AD_4nXduA39IvDDQcaFjmjXZGoSOTVZhtOTreykF63DiDOaQazBd-bJ6mX-lJkj9kQAqLoe_KIla3x7WutA6w4-n17A1u_FtjjYcVgOqa2blrzfOKsHzRrSrp_NAcj207PDtUEjWzfXE3ThuYauEEIhwbYYSvUEyAvpkAG3t5W_hmgKv8zFkBCXtEh0?key=2b4zznF2qfi2oSrgs8SJKQ\" width=\"246\" height=\"226\"><\/p>\n","protected":false},"excerpt":{"rendered":"<p>Liga Acad\u00eamica Interdisciplinar em Doen\u00e7a de Chagas A Liga Acad\u00eamica Interdisciplinar em Doen\u00e7a de Chagas (LAIDCH) da Universidade de Pernambuco (UPE), tem como objeto de atua\u00e7\u00e3o a pr\u00e1tica de educa\u00e7\u00e3o em sa\u00fade no \u00e2mbito interdisciplinar \u00e0s pessoas afetadas com doen\u00e7a de Chagas Os Cursos de gradua\u00e7\u00e3o da UPE envolvidos s\u00e3o: Enfermagem, Medicina, Sa\u00fade Coletiva, Ci\u00eancias &hellip;<\/p>\n","protected":false},"author":2,"featured_media":0,"parent":0,"menu_order":0,"comment_status":"closed","ping_status":"closed","template":"","meta":[],"_links":{"self":[{"href":"https:\/\/www.fensg.upe.br\/index.php?rest_route=\/wp\/v2\/pages\/1810"}],"collection":[{"href":"https:\/\/www.fensg.upe.br\/index.php?rest_route=\/wp\/v2\/pages"}],"about":[{"href":"https:\/\/www.fensg.upe.br\/index.php?rest_route=\/wp\/v2\/types\/page"}],"author":[{"embeddable":true,"href":"https:\/\/www.fensg.upe.br\/index.php?rest_route=\/wp\/v2\/users\/2"}],"replies":[{"embeddable":true,"href":"https:\/\/www.fensg.upe.br\/index.php?rest_route=%2Fwp%2Fv2%2Fcomments&post=1810"}],"version-history":[{"count":4,"href":"https:\/\/www.fensg.upe.br\/index.php?rest_route=\/wp\/v2\/pages\/1810\/revisions"}],"predecessor-version":[{"id":1845,"href":"https:\/\/www.fensg.upe.br\/index.php?rest_route=\/wp\/v2\/pages\/1810\/revisions\/1845"}],"wp:attachment":[{"href":"https:\/\/www.fensg.upe.br\/index.php?rest_route=%2Fwp%2Fv2%2Fmedia&parent=1810"}],"curies":[{"name":"wp","href":"https:\/\/api.w.org\/{rel}","templated":true}]}}