{"id":178,"date":"2017-11-06T15:17:28","date_gmt":"2017-11-06T17:17:28","guid":{"rendered":"http:\/\/localhost\/wordpress\/?page_id=178"},"modified":"2025-10-23T11:29:02","modified_gmt":"2025-10-23T14:29:02","slug":"equipe-gestora","status":"publish","type":"page","link":"https:\/\/www.fensg.upe.br\/?page_id=178","title":{"rendered":"Equipe Gestora"},"content":{"rendered":"\n\n\t<script type=\"text\/javascript\">\tjQuery(document).ready(function($){\tjQuery(\"ul.tabs-nav\").tabs(\"> .pane\"); }); <\/script>\n\n\t\t<div class=\"post-tabs-ver\">\n\t\t\n<ul class=\"tabs-nav\">\n<li>\u00a0<b>Diretoria\u00a0<\/b><\/li> <\/ul>\n\n\t\t<div class=\"pane\">\n\t\t\n<h6><b>E-mail: <\/b><a href=\"about:blank\">dire\u00e7\u00e3o.fensg@upe.br<\/a><\/h6>\n<p><b>Telefone: <\/b>3183 3606<\/p>\n<p><b>Dire\u00e7\u00e3o: <\/b>Prof.\u00aa Dr.\u00aa Bet\u00e2nia da Mata Ribeiro Gomes<\/p>\n<p><b>Vice-Dire\u00e7\u00e3o: <\/b>Prof.\u00aa Dr.\u00aa Izabel Barros de Arruda<\/p>\n<p><b>Assessoria: <\/b>Prof.\u00aa Dr.\u00aa Mar\u00edlia Perrelli Valen\u00e7a<\/p>\n\n\t\t<\/div>\n\t\n\n\t\t<\/div>\n\t\n\n\t<script type=\"text\/javascript\">\tjQuery(document).ready(function($){\tjQuery(\"ul.tabs-nav\").tabs(\"> .pane\"); }); <\/script>\n\n\t\t<div class=\"post-tabs-ver\">\n\t\t\n<ul class=\"tabs-nav\">\n<li> <b>Gradua\u00e7\u00e3o\u00a0<\/b><\/li> <\/ul>\n\n\t\t<div class=\"pane\">\n\t\t\n<h5 style=\"padding-left: 30px;\"><b>Coordenadoria de Gradua\u00e7\u00e3o<\/b><\/h5>\n<h6 style=\"padding-left: 90px;\"><b>E-mail: <\/b><a href=\"mailto:coord.graduacao.fensg@upe.br\">coord.graduacao.fensg@upe.br<\/a><\/h6>\n<h6 style=\"padding-left: 90px;\"><b>Telefone: <\/b><span style=\"font-weight: 400;\">3183 3629<\/span><\/h6>\n<h6 style=\"padding-left: 90px;\"><b>Coordena\u00e7\u00e3o:<\/b>\u00a0<span style=\"font-weight: 400;\">Prof.\u00aa Dr.\u00aa Ana Virg\u00ednia Rodrigues Ver\u00edssimo<\/span><\/h6>\n<h6 style=\"padding-left: 30px;\"><\/h6>\n<h5 style=\"padding-left: 30px;\"><b>Coordena\u00e7\u00e3o do Curso de Bacharelado em Enfermagem\u00a0<\/b><\/h5>\n<h6 style=\"padding-left: 90px;\"><b>E-mail: <\/b><a href=\"mailto:coord.enfermagem.fensg@upe.br\"><span style=\"font-weight: 400;\">coord.enfermagem.fensg@upe.br<\/span><\/a><\/h6>\n<h6 style=\"padding-left: 90px;\"><span style=\"font-weight: 400;\"><b>Telefone: <\/b>3183 3629<\/span><\/h6>\n<h6 style=\"padding-left: 90px;\"><span style=\"font-weight: 400;\"><b>Coordena\u00e7\u00e3o: <\/b>Prof.\u00aa Dr.\u00aa Katiuscia Ara\u00fajo de Miranda Lopes<\/span><\/h6>\n<h6 style=\"padding-left: 90px;\"><span style=\"font-weight: 400;\"><b>Vice-Coordena\u00e7\u00e3o:<\/b> Prof.\u00aa Dr.\u00aa Thaisa Remigio Figueir\u00eado<\/span><\/h6>\n<h6 style=\"padding-left: 90px;\"><\/h6>\n<h5 style=\"padding-left: 30px;\"><b>Divis\u00e3o de Pr\u00e1ticas e Est\u00e1gio<\/b><\/h5>\n<h6 style=\"padding-left: 90px;\"><b>E-mail: praticas.estagios.fensg@upe.br<\/b><\/h6>\n<h6 style=\"padding-left: 90px;\"><b>Telefone: <\/b><span style=\"font-weight: 400;\">3183 3611<\/span><b>\u00a0<\/b><\/h6>\n<h6 style=\"padding-left: 90px;\"><b>Ger\u00eancia: <\/b><span style=\"font-weight: 400;\">Prof.\u00aa Maria das Neves Figueroa<\/span><\/h6>\n<h5 style=\"padding-left: 30px;\"><b> Divis\u00e3o de Controle Acad\u00eamico \/ Se\u00e7\u00e3o de Escolaridade e Arquivo<\/b><\/h5>\n<h6 style=\"padding-left: 90px;\"><b>E-mail: <\/b><a href=\"mailto:fensg.escolaridade@upe.br\"><span style=\"font-weight: 400;\">fensg.escolaridade@upe.br<\/span><\/a><span style=\"font-weight: 400;\">\u00a0<\/span><\/h6>\n<h6 style=\"padding-left: 90px;\"><b>Telefone: <\/b><span style=\"font-weight: 400;\">3183 3612<\/span><b> \u00a0<\/b><\/h6>\n<h6 style=\"padding-left: 90px;\">Ger\u00eancia: <span style=\"font-weight: 400;\">Prof. Dr. Diego Augusto Lopes Oliveira<\/span><\/h6>\n<h6><strong>\u00a0 \u00a0 \u00a0 \u00a0 \u00a0 \u00a0 \u00a0 \u00a0 \u00a0 \u00a0 \u00a0 \u00a0\u00a0<\/strong><\/h6>\n\n\t\t<\/div>\n\t\n\t\t<\/div>\n\t\n\n\t<script type=\"text\/javascript\">\tjQuery(document).ready(function($){\tjQuery(\"ul.tabs-nav\").tabs(\"> .pane\"); }); <\/script>\n\n\t\t<div class=\"post-tabs-ver\">\n\t\t\n<ul class=\"tabs-nav\">\n<li><b>P\u00f3s-Gradua\u00e7\u00e3o e Pesquisa<\/b><\/li>\n<\/ul>\n\n\t\t<div class=\"pane\">\n\t\t\n<h5 style=\"padding-left: 30px;\"><b>Coordenadoria de P\u00f3s-Gradua\u00e7\u00e3o e Pesquisa<\/b><\/h5>\n<h6 style=\"padding-left: 60px;\"><b>E-mail: <\/b><a href=\"mailto:coordenacaoposfensg@upe.br\">coordenacaoposfensg@upe.br<\/a><\/h6>\n<h6 style=\"padding-left: 60px;\"><b>Telefones: <\/b>3183 3607 \/ 3183 3624<\/h6>\n<h6 style=\"padding-left: 60px;\"><b>Coordena\u00e7\u00e3o: <\/b><strong>Prof.\u00aa Dr.\u00aa Magaly Bushatsky<\/strong><\/h6>\n<h6 style=\"padding-left: 30px;\"><\/h6>\n<h5 style=\"padding-left: 30px;\"><b>Coordena\u00e7\u00e3o do Programa de P\u00f3s-Gradua\u00e7\u00e3o em Enfermagem (<\/b><b><i>Stricto Sensu<\/i><\/b><b>)\u00a0<\/b><\/h5>\n<h6 style=\"padding-left: 60px;\"><b>E-mail: <\/b><a href=\"mailto:papgenfupeuepb@upe.br\">papgenfupeuepb@upe.br<\/a><\/h6>\n<h6 style=\"padding-left: 60px;\"><b>Telefones: <\/b>3183 3615 \/ 3183 3621<\/h6>\n<h6 style=\"padding-left: 60px;\"><b>Coordena\u00e7\u00e3o: <\/b><span style=\"font-weight: 400;\">Prof.\u00aa Dr.\u00aa Isabel Cristina Ramos Vieira Santos<\/span><\/h6>\n<h6 style=\"padding-left: 60px;\"><b>Vice-Coordena\u00e7\u00e3o: <\/b><span style=\"font-weight: 400;\">Prof.\u00aa Dr.\u00aa Simone Maria Muniz da Silva Bezerra<\/span><\/h6>\n\n\t\t<\/div>\n\t\n\t\t<\/div>\n\t\n\n\t<script type=\"text\/javascript\">\tjQuery(document).ready(function($){\tjQuery(\"ul.tabs-nav\").tabs(\"> .pane\"); }); <\/script>\n\n\t\t<div class=\"post-tabs-ver\">\n\t\t\n<ul class=\"tabs-nav\">\n<li><b>Extens\u00e3o e Cultura<\/b>\u00a0<\/li>\n<\/ul>\n\n\t\t<div class=\"pane\">\n\t\t\n<h5 style=\"padding-left: 30px;\"><b>Coordenadoria de Extens\u00e3o e Cultura<\/b><\/h5>\n<h6 style=\"padding-left: 60px;\"><b>E-mail: <\/b><a href=\"mailto:fensg.extensao@upe.br\"><span style=\"font-weight: 400;\">fensg.extensao@upe.br<\/span><\/a><span style=\"font-weight: 400;\">\u00a0<\/span><\/h6>\n<h6 style=\"padding-left: 60px;\"><b>Telefones: <\/b><span style=\"font-weight: 400;\">3183 3623<\/span><\/h6>\n<h6 style=\"padding-left: 60px;\"><b>Coordena\u00e7\u00e3o: <\/b>Prof.\u00aa Dr.\u00aa Maria Beatriz Ara\u00fajo Silva<\/h6>\n<h6 style=\"padding-left: 30px;\"><\/h6>\n<p style=\"padding-left: 30px;\">\u00a0\n\t\t<\/div>\n\t\n\t\t<\/div>\n\t\n\n\t<script type=\"text\/javascript\">\tjQuery(document).ready(function($){\tjQuery(\"ul.tabs-nav\").tabs(\"> .pane\"); }); <\/script>\n\n\t\t<div class=\"post-tabs-ver\">\n\t\t\n<ul class=\"tabs-nav\">\n<li> <b>Apoio \u00e0s Atividades Acad\u00eamicas<\/b>\u00a0<\/li>\n<\/ul>\n\n\t\t<div class=\"pane\">\n\t\t\n<h5><\/h5>\n<h5 style=\"padding-left: 30px;\"><b>Coordenadoria de Apoio \u00e0s Atividades Acad\u00eamicas<\/b><\/h5>\n<h6 style=\"padding-left: 60px;\"><b>E-mail: <\/b><a href=\"mailto:datp.fensg@upe.br\">coord.apoioacademico.fensg@upe.br<\/a><\/h6>\n<h6 style=\"padding-left: 60px;\"><b>Telefone: <\/b>3183 3626<\/h6>\n<h6 style=\"padding-left: 60px;\"><b>Coordena\u00e7\u00e3o: <\/b>Prof.\u00aa Dr.\u00aa Carolina de Ara\u00fajo Medeiros<\/h6>\n<h5><\/h5>\n<h5 style=\"padding-left: 30px;\"><b>Divis\u00e3o de Apoio T\u00e9cnico-Pedag\u00f3gico(DATP)<\/b><\/h5>\n<h6 style=\"padding-left: 60px;\"><b>E-mail: <\/b><a href=\"ti.fensg@upe.br\"><span style=\"font-weight: 400;\">ti.fensg@upe.br<\/span><\/a><span style=\"font-weight: 400;\">\u00a0<\/span><\/h6>\n<h6 style=\"padding-left: 60px;\"><b>Telefones: <\/b><span style=\"font-weight: 400;\">3183 3608<\/span><\/h6>\n<h6 style=\"padding-left: 60px;\"><b>Ger\u00eancia: Vera L\u00facia Souza Vasconcelos<\/b><\/h6>\n<h5><\/h5>\n<h5 style=\"padding-left: 30px;\"><b>Se\u00e7\u00e3o de Biblioteca<\/b><\/h5>\n<h6 style=\"padding-left: 60px;\"><b>E-mail: <\/b><a href=\"mailto:biblioteca.fensg@upe.br\"><span style=\"font-weight: 400;\">biblioteca.fensg@upe.br<\/span><\/a><span style=\"font-weight: 400;\">\u00a0<\/span><\/h6>\n<h6 style=\"padding-left: 60px;\"><b>Telefones: <\/b><span style=\"font-weight: 400;\">3183 3618 \/ 3183 3619<\/span><b>\u00a0<\/b><\/h6>\n<h6 style=\"padding-left: 60px;\"><b>Chefia: <\/b>Roseane Almeida da Silva<\/h6>\n<h6 style=\"padding-left: 60px;\"><\/h6>\n<h5 style=\"padding-left: 30px;\"><b> Se\u00e7\u00e3o de Inform\u00e1tica<\/b><\/h5>\n<h6 style=\"padding-left: 60px;\"><b>E-mail: <\/b><a href=\"mailto:ti.fensg.@upe.br\"><span style=\"font-weight: 400;\">ti.fensg@upe.br<\/span><\/a><span style=\"font-weight: 400;\">\u00a0<\/span><\/h6>\n<h6 style=\"padding-left: 60px;\"><b>Telefone: <\/b><span style=\"font-weight: 400;\">3183 3608<\/span><b>\u00a0<\/b><\/h6>\n<h6 style=\"padding-left: 60px;\"><b>Chefia: Andr\u00e9 da Concei\u00e7\u00e3o<\/b><\/h6>\n<p style=\"padding-left: 60px;\">\n\t\t<\/div>\n\t\n\t\t<\/div>\n\t\n\n\t<script type=\"text\/javascript\">\tjQuery(document).ready(function($){\tjQuery(\"ul.tabs-nav\").tabs(\"> .pane\"); }); <\/script>\n\n\t\t<div class=\"post-tabs-ver\">\n\t\t\n<ul class=\"tabs-nav\">\n<li><b>Planejamento<\/b> <\/li>\n<\/ul>\n\n\t\t<div class=\"pane\">\n\t\t\n<h5 style=\"padding-left: 30px;\"><b>Coordenadoria de Planejamento<\/b><\/h5>\n<h6 style=\"padding-left: 60px;\"><b>E-mail: <\/b><a href=\"mailto:coord.planejamento.fensg@upe.br\">coord.planejamento.fensg@upe.br<\/a><\/h6>\n<h6 style=\"padding-left: 60px;\"><b>Telefone: <\/b>3183 3609<\/h6>\n<h6 style=\"padding-left: 60px;\"><b>Coordena\u00e7\u00e3o: Prof.\u00aa Dr.\u00aa Viviane Tannuri<\/b><\/h6>\n<h5 style=\"padding-left: 30px;\"><\/h5>\n<p style=\"padding-left: 30px;\">\n\t\t<\/div>\n\t\n\t\t<\/div>\n\t\n\n\t<script type=\"text\/javascript\">\tjQuery(document).ready(function($){\tjQuery(\"ul.tabs-nav\").tabs(\"> .pane\"); }); <\/script>\n\n\t\t<div class=\"post-tabs-ver\">\n\t\t\n<ul class=\"tabs-nav\">\n<li><b>Administrativa e Financeira<\/b><\/li>\n<\/ul>\n\n\t\t<div class=\"pane\">\n\t\t\n<h5 style=\"padding-left: 30px;\"><b>Coordenadoria Administrativa e Financeira<\/b><\/h5>\n<h6 style=\"padding-left: 60px;\"><b>E-mail: <\/b><a href=\"mailto:coord.admfinan.fensg@upe.br\">coord.admfinan.fensg@upe.br<\/a><\/h6>\n<h6 style=\"padding-left: 60px;\"><b>Telefone: 3183 3609<\/b><\/h6>\n<h6 style=\"padding-left: 60px;\"><b>Coordena\u00e7\u00e3o: <\/b>Prof.\u00aa Dr.\u00aa Emanuela Batista Ferreira e Pereira<\/h6>\n<h5 style=\"padding-left: 30px;\"><b>Divis\u00e3o Administrativa e Financeira<\/b><\/h5>\n<h6 style=\"padding-left: 60px;\"><b>E-mail: <\/b><a href=\"mailto:coord.admfinan.fensg@upe.br\" target=\"_blank\" rel=\"noopener\">div.admfinan.fensg@<wbr \/>upe.br<\/a><\/h6>\n<h6 style=\"padding-left: 60px;\"><b>Telefone: 3183 3614<\/b><\/h6>\n<h6 style=\"padding-left: 60px;\"><b>Ger\u00eancia: Felipe Lucena<\/b><\/h6>\n<h5 style=\"padding-left: 30px;\"><b>Se\u00e7\u00e3o de Recursos Humanos<\/b><\/h5>\n<h6 style=\"padding-left: 60px;\"><b>E-mail: <\/b><a href=\"mailto:rh.fensg@upe.br\">rh.fensg@upe.br<\/a><\/h6>\n<h6 style=\"padding-left: 60px;\"><b>Telefone: <\/b>3183 3625<\/h6>\n<h6 style=\"padding-left: 60px;\"><b>Chefia: <\/b>Maria do Ros\u00e1rio dos Santos<\/h6>\n<h5 style=\"padding-left: 30px;\"><b> Se\u00e7\u00e3o de Contabilidade\u00a0<\/b><\/h5>\n<h6 style=\"padding-left: 60px;\"><b>E-mail: <\/b><a href=\"mailto:sct.fensg@upe.br\">sct.fensg@upe.br<\/a><\/h6>\n<h6 style=\"padding-left: 60px;\"><b>Telefone: <\/b>3183 3614<\/h6>\n<h6 style=\"padding-left: 60px;\"><b>Chefia: <\/b>Eliete Marques<\/h6>\n<h6 style=\"padding-left: 60px;\"><\/h6>\n<h5 style=\"padding-left: 30px;\"><b> Se\u00e7\u00e3o de Tesouraria<\/b><\/h5>\n<h6 style=\"padding-left: 60px;\"><b>E-mail: <\/b><a href=\"mailto:sct.fensg@upe.br\">sct.fensg@upe.br<\/a><\/h6>\n<h6 style=\"padding-left: 60px;\"><b>Telefone: <\/b>3183 3610<\/h6>\n<h6 style=\"padding-left: 60px;\"><b>Chefia: <\/b>Madalena Ferreira<\/h6>\n<h6 style=\"padding-left: 60px;\"><\/h6>\n<h5 style=\"padding-left: 30px;\"><b> Se\u00e7\u00e3o de Material e Patrim\u00f4nio \/ Almoxarifado<\/b><\/h5>\n<h6 style=\"padding-left: 60px;\"><b>E-mail: <\/b><a href=\"mailto:patrimonio.fensg@upe.br\">patrimonio.fensg@upe.br<\/a><\/h6>\n<h6 style=\"padding-left: 60px;\"><b>Telefone: <\/b>3183 3627<\/h6>\n<h6 style=\"padding-left: 60px;\"><b>Chefia: <\/b>Lucim\u00e1rio Fidelis da Silva<\/h6>\n<h5 style=\"padding-left: 30px;\"><b> Se\u00e7\u00e3o de Servi\u00e7os Gerais \/ Portaria<\/b><\/h5>\n<h6 style=\"padding-left: 60px;\"><b>Telefones: <\/b>3183 3613 \/ 3183 3601<\/h6>\n<h6 style=\"padding-left: 60px;\"><b>Chefia: <\/b>Maria das Dores Silva<\/h6>\n<h6 style=\"padding-left: 60px;\"><\/h6>\n<p style=\"padding-left: 60px;\"><b>\u00a0<\/b>\n\t\t<\/div>\n\t\n\t\t<\/div>\n\t\n","protected":false},"excerpt":{"rendered":"","protected":false},"author":1,"featured_media":0,"parent":0,"menu_order":0,"comment_status":"closed","ping_status":"closed","template":"","meta":[],"_links":{"self":[{"href":"https:\/\/www.fensg.upe.br\/index.php?rest_route=\/wp\/v2\/pages\/178"}],"collection":[{"href":"https:\/\/www.fensg.upe.br\/index.php?rest_route=\/wp\/v2\/pages"}],"about":[{"href":"https:\/\/www.fensg.upe.br\/index.php?rest_route=\/wp\/v2\/types\/page"}],"author":[{"embeddable":true,"href":"https:\/\/www.fensg.upe.br\/index.php?rest_route=\/wp\/v2\/users\/1"}],"replies":[{"embeddable":true,"href":"https:\/\/www.fensg.upe.br\/index.php?rest_route=%2Fwp%2Fv2%2Fcomments&post=178"}],"version-history":[{"count":32,"href":"https:\/\/www.fensg.upe.br\/index.php?rest_route=\/wp\/v2\/pages\/178\/revisions"}],"predecessor-version":[{"id":2011,"href":"https:\/\/www.fensg.upe.br\/index.php?rest_route=\/wp\/v2\/pages\/178\/revisions\/2011"}],"wp:attachment":[{"href":"https:\/\/www.fensg.upe.br\/index.php?rest_route=%2Fwp%2Fv2%2Fmedia&parent=178"}],"curies":[{"name":"wp","href":"https:\/\/api.w.org\/{rel}","templated":true}]}}