{"id":1660,"date":"2023-12-28T11:02:59","date_gmt":"2023-12-28T14:02:59","guid":{"rendered":"https:\/\/www.fensg.upe.br\/?page_id=1660"},"modified":"2025-12-02T13:17:59","modified_gmt":"2025-12-02T16:17:59","slug":"solicitacao-de-documentos","status":"publish","type":"page","link":"https:\/\/www.fensg.upe.br\/?page_id=1660","title":{"rendered":"Solicita\u00e7\u00e3o de Documentos"},"content":{"rendered":"\n<p style=\"font-size:15px\"><div class=\"clear\"><\/div><div class=\"toggle open\"><h3 class=\"toggle-head-open\"><strong>Requerimento Geral Escolaridade<\/strong><i class=\"fa fa-angle-up\"><\/i><\/h3><h3 class=\"toggle-head-close\"><strong>Requerimento Geral Escolaridade<\/strong><i class=\"fa fa-angle-down\"><\/i><\/h3><div class=\"toggle-content\">\n\t\t\t\n\n\n\n<p><a href=\"https:\/\/docs.google.com\/forms\/d\/1ZWT0eeq4Oam6n69ZWEPQp1dJks-Wpt6GOLawXOeqTak\/viewform?pli=1&amp;ts=66265b06&amp;pli=1&amp;edit_requested=true\" target=\"_blank\" rel=\"noreferrer noopener\"><em><mark style=\"background-color:rgba(0, 0, 0, 0)\" class=\"has-inline-color has-vivid-cyan-blue-color\">Requerimento Escolaridade<\/mark><\/em><\/a><\/p>\n\n\n\n\n\n<p><\/p>\n\n\n\n\n\t\t\t<\/div><\/div>\n\n\n\n<p><\/p>\n\n\n\n<p style=\"font-size:15px\"><div class=\"clear\"><\/div><div class=\"toggle close\"><h3 class=\"toggle-head-open\"><strong>Requerimento Geral Tesouraria<\/strong><i class=\"fa fa-angle-up\"><\/i><\/h3><h3 class=\"toggle-head-close\"><strong>Requerimento Geral Tesouraria<\/strong><i class=\"fa fa-angle-down\"><\/i><\/h3><div class=\"toggle-content\">\n\t\t\t\n\n\n\n<p><a href=\"https:\/\/docs.google.com\/forms\/d\/e\/1FAIpQLSfn6GeKEPT2L1iD_6cDPyl8OXvSzk120FnEot8tcFKYRdgoTA\/viewform?vc=0&amp;c=0&amp;w=1&amp;flr=0\" target=\"_blank\" rel=\"noreferrer noopener\"><em><mark style=\"background-color:rgba(0, 0, 0, 0)\" class=\"has-inline-color has-vivid-cyan-blue-color\">Requerimento Tesouraria<\/mark><\/em><\/a><\/p>\n\n\n\n<p><script src=\"https:\/\/cdnjs.cloudflare.com\/ajax\/libs\/jquery\/3.6.0\/jquery.min.js\"><\/script><script src=\"https:\/\/cdnjs.cloudflare.com\/ajax\/libs\/jquery.inputmask\/5.0.6\/jquery.inputmask.min.js\"><\/script><\/p>\n\n\n\n\n\t\t\t<\/div><\/div>\n\n\n\n<div class=\"clear\"><\/div><div class=\"toggle close\"><h3 class=\"toggle-head-open\"><strong>Requisi\u00e7\u00e3o de Cola\u00e7\u00e3o\/Diploma<\/strong><i class=\"fa fa-angle-up\"><\/i><\/h3><h3 class=\"toggle-head-close\"><strong>Requisi\u00e7\u00e3o de Cola\u00e7\u00e3o\/Diploma<\/strong><i class=\"fa fa-angle-down\"><\/i><\/h3><div class=\"toggle-content\">\n\t\t\t\n\n\n\n<p><a href=\"https:\/\/www.fensg.upe.br\/?page_id=2029\" data-type=\"URL\" data-id=\"https:\/\/www.fensg.upe.br\/?page_id=2029\"><em>Requisi\u00e7\u00e3o de Cola\u00e7\u00e3o\/Diploma<\/em><\/a><\/p>\n\n\n\n<p><\/p>\n\n\n\n\n\t\t\t<\/div><\/div>\n","protected":false},"excerpt":{"rendered":"","protected":false},"author":2,"featured_media":0,"parent":0,"menu_order":0,"comment_status":"closed","ping_status":"closed","template":"","meta":[],"_links":{"self":[{"href":"https:\/\/www.fensg.upe.br\/index.php?rest_route=\/wp\/v2\/pages\/1660"}],"collection":[{"href":"https:\/\/www.fensg.upe.br\/index.php?rest_route=\/wp\/v2\/pages"}],"about":[{"href":"https:\/\/www.fensg.upe.br\/index.php?rest_route=\/wp\/v2\/types\/page"}],"author":[{"embeddable":true,"href":"https:\/\/www.fensg.upe.br\/index.php?rest_route=\/wp\/v2\/users\/2"}],"replies":[{"embeddable":true,"href":"https:\/\/www.fensg.upe.br\/index.php?rest_route=%2Fwp%2Fv2%2Fcomments&post=1660"}],"version-history":[{"count":21,"href":"https:\/\/www.fensg.upe.br\/index.php?rest_route=\/wp\/v2\/pages\/1660\/revisions"}],"predecessor-version":[{"id":2047,"href":"https:\/\/www.fensg.upe.br\/index.php?rest_route=\/wp\/v2\/pages\/1660\/revisions\/2047"}],"wp:attachment":[{"href":"https:\/\/www.fensg.upe.br\/index.php?rest_route=%2Fwp%2Fv2%2Fmedia&parent=1660"}],"curies":[{"name":"wp","href":"https:\/\/api.w.org\/{rel}","templated":true}]}}