{"id":1619,"date":"2023-10-02T12:10:21","date_gmt":"2023-10-02T15:10:21","guid":{"rendered":"https:\/\/www.fensg.upe.br\/?page_id=1619"},"modified":"2023-10-02T12:23:21","modified_gmt":"2023-10-02T15:23:21","slug":"avaliacao-do-papgenf","status":"publish","type":"page","link":"https:\/\/www.fensg.upe.br\/?page_id=1619","title":{"rendered":"Avalia\u00e7\u00e3o do PAPGENF"},"content":{"rendered":"\n<div class=\"clear\"><\/div><div class=\"toggle close\"><h3 class=\"toggle-head-open\"><strong>Avalia\u00e7\u00e3o de Disciplinas PAPGEnf - 1\u00aa Semestre de 2023<\/strong><i class=\"fa fa-angle-up\"><\/i><\/h3><h3 class=\"toggle-head-close\"><strong>Avalia\u00e7\u00e3o de Disciplinas PAPGEnf - 1\u00aa Semestre de 2023<\/strong><i class=\"fa fa-angle-down\"><\/i><\/h3><div class=\"toggle-content\">\n\t\t\t\n\n\n\n<p><a href=\"https:\/\/docs.google.com\/forms\/d\/e\/1FAIpQLSdK6PToRU9Cs6k1eblCEuXga2Bwh-ncF-BApd0RFwOwMTKgpg\/viewform?usp=sf_link\" target=\"_blank\" rel=\"noreferrer noopener\"><em><strong><mark style=\"background-color:rgba(0, 0, 0, 0)\" class=\"has-inline-color has-vivid-cyan-blue-color\">Formul\u00e1rio de Avalia\u00e7\u00e3o de Disciplinas PAPGEnf<\/mark><\/strong><\/em><\/a><\/p>\n\n\n\n\n\t\t\t<\/div><\/div>\n\n\n\n<div class=\"clear\"><\/div><div class=\"toggle close\"><h3 class=\"toggle-head-open\"><strong>Formul\u00e1rio do Egresso PAPGEnf<\/strong><i class=\"fa fa-angle-up\"><\/i><\/h3><h3 class=\"toggle-head-close\"><strong>Formul\u00e1rio do Egresso PAPGEnf<\/strong><i class=\"fa fa-angle-down\"><\/i><\/h3><div class=\"toggle-content\">\n\t\t\t\n\n\n\n<p><a href=\"https:\/\/docs.google.com\/forms\/d\/e\/1FAIpQLSerssMDDfAuosQBYooshNlyHdl95Gh8fy0Fs-n40P01YlljJA\/viewform?usp=sf_link\" target=\"_blank\" rel=\"noreferrer noopener\"><em><strong><mark style=\"background-color:rgba(0, 0, 0, 0)\" class=\"has-inline-color has-vivid-cyan-blue-color\">Formul\u00e1rio do Egresso PAPGEnf<\/mark><\/strong><\/em><\/a><\/p>\n\n\n\n\n\t\t\t<\/div><\/div>\n","protected":false},"excerpt":{"rendered":"","protected":false},"author":2,"featured_media":0,"parent":0,"menu_order":0,"comment_status":"closed","ping_status":"closed","template":"","meta":[],"_links":{"self":[{"href":"https:\/\/www.fensg.upe.br\/index.php?rest_route=\/wp\/v2\/pages\/1619"}],"collection":[{"href":"https:\/\/www.fensg.upe.br\/index.php?rest_route=\/wp\/v2\/pages"}],"about":[{"href":"https:\/\/www.fensg.upe.br\/index.php?rest_route=\/wp\/v2\/types\/page"}],"author":[{"embeddable":true,"href":"https:\/\/www.fensg.upe.br\/index.php?rest_route=\/wp\/v2\/users\/2"}],"replies":[{"embeddable":true,"href":"https:\/\/www.fensg.upe.br\/index.php?rest_route=%2Fwp%2Fv2%2Fcomments&post=1619"}],"version-history":[{"count":2,"href":"https:\/\/www.fensg.upe.br\/index.php?rest_route=\/wp\/v2\/pages\/1619\/revisions"}],"predecessor-version":[{"id":1628,"href":"https:\/\/www.fensg.upe.br\/index.php?rest_route=\/wp\/v2\/pages\/1619\/revisions\/1628"}],"wp:attachment":[{"href":"https:\/\/www.fensg.upe.br\/index.php?rest_route=%2Fwp%2Fv2%2Fmedia&parent=1619"}],"curies":[{"name":"wp","href":"https:\/\/api.w.org\/{rel}","templated":true}]}}