{"id":1495,"date":"2023-08-03T11:59:51","date_gmt":"2023-08-03T14:59:51","guid":{"rendered":"https:\/\/www.fensg.upe.br\/?page_id=1495"},"modified":"2023-08-03T12:15:06","modified_gmt":"2023-08-03T15:15:06","slug":"mama-flora","status":"publish","type":"page","link":"https:\/\/www.fensg.upe.br\/?page_id=1495","title":{"rendered":"Mama-Flora"},"content":{"rendered":"\n<p class=\"has-text-align-center\"><strong>Mama-Flora: Apoiando a amamenta\u00e7\u00e3o no puerp\u00e9rio<\/strong><br><br><\/p>\n\n\n\n<p class=\"has-medium-font-size\"><div class=\"clear\"><\/div><div class=\"toggle close\"><h3 class=\"toggle-head-open\"><strong>Objetivo<\/strong><i class=\"fa fa-angle-up\"><\/i><\/h3><h3 class=\"toggle-head-close\"><strong>Objetivo<\/strong><i class=\"fa fa-angle-down\"><\/i><\/h3><div class=\"toggle-content\">\n\t\t\t <\/p>\n\n\n\nApoiar, promover e incentivar o aleitamento materno, principalmente presencialmente em\n\na\u00e7\u00f5es e tamb\u00e9m atrav\u00e9s das redes sociais, a fim de encorajar a ades\u00e3o da amamenta\u00e7\u00e3o no\n\npuerp\u00e9rio mediato, desde o per\u00edodo da gesta\u00e7\u00e3o. Bem como, promover acesso \u00e0 informa\u00e7\u00e3o\n\nde qualidade tamb\u00e9m a graduandos e profissionais de sa\u00fade, al\u00e9m do p\u00fablico em geral.\n\n\n\n<p class=\"has-medium-font-size\">\n\t\t\t<\/div><\/div>\n\n\n\n<p class=\"has-medium-font-size\"><div class=\"clear\"><\/div><div class=\"toggle close\"><h3 class=\"toggle-head-open\"><strong>P\u00fablico Alvo<\/strong><i class=\"fa fa-angle-up\"><\/i><\/h3><h3 class=\"toggle-head-close\"><strong>P\u00fablico Alvo<\/strong><i class=\"fa fa-angle-down\"><\/i><\/h3><div class=\"toggle-content\">\n\t\t\t <\/p>\n\n\n\n<p align=\"justify\">Principalmente pu\u00e9rperas do alojamento conjunto do CISAM &#8211; UPE, e tamb\u00e9m as que est\u00e3o\n\npresentes no ambulat\u00f3rio de multicl\u00ednicas no setor de realiza\u00e7\u00e3o do Pr\u00e9-Natal do Centro\n\nIntegrado de Sa\u00fade Amaury de Medeiros &#8211; UPE. Tamb\u00e9m tem-se como alvo m\u00e3es de lactentes\n\nque buscam informa\u00e7\u00f5es atrav\u00e9s da internet e redes sociais, bem como acad\u00eamicos da \u00e1rea de\n\nsa\u00fade e consumidores de conte\u00fado digitais interessados em temas ligados \u00e0 amamenta\u00e7\u00e3o,\n\npuerp\u00e9rio e cuidados perinatais que t\u00eam acesso \u00e0 internet e \u00e0s ferramentas digitais.<\/p>\n\n\n\n<p class=\"has-medium-font-size\">\n\t\t\t<\/div><\/div>\n\n\n\n<p class=\"has-medium-font-size\"><div class=\"clear\"><\/div><div class=\"toggle close\"><h3 class=\"toggle-head-open\"><strong>Coordena\u00e7\u00e3o Geral<\/strong><i class=\"fa fa-angle-up\"><\/i><\/h3><h3 class=\"toggle-head-close\"><strong>Coordena\u00e7\u00e3o Geral<\/strong><i class=\"fa fa-angle-down\"><\/i><\/h3><div class=\"toggle-content\">\n\t\t\t <\/p>\n\n\n\nMaria Benita Alves da Silva Spinelli\n\n\n\n<p class=\"has-medium-font-size\">\n\t\t\t<\/div><\/div>\n","protected":false},"excerpt":{"rendered":"<p>Mama-Flora: Apoiando a amamenta\u00e7\u00e3o no puerp\u00e9rio<\/p>\n","protected":false},"author":2,"featured_media":0,"parent":0,"menu_order":0,"comment_status":"closed","ping_status":"closed","template":"","meta":[],"_links":{"self":[{"href":"https:\/\/www.fensg.upe.br\/index.php?rest_route=\/wp\/v2\/pages\/1495"}],"collection":[{"href":"https:\/\/www.fensg.upe.br\/index.php?rest_route=\/wp\/v2\/pages"}],"about":[{"href":"https:\/\/www.fensg.upe.br\/index.php?rest_route=\/wp\/v2\/types\/page"}],"author":[{"embeddable":true,"href":"https:\/\/www.fensg.upe.br\/index.php?rest_route=\/wp\/v2\/users\/2"}],"replies":[{"embeddable":true,"href":"https:\/\/www.fensg.upe.br\/index.php?rest_route=%2Fwp%2Fv2%2Fcomments&post=1495"}],"version-history":[{"count":4,"href":"https:\/\/www.fensg.upe.br\/index.php?rest_route=\/wp\/v2\/pages\/1495\/revisions"}],"predecessor-version":[{"id":1513,"href":"https:\/\/www.fensg.upe.br\/index.php?rest_route=\/wp\/v2\/pages\/1495\/revisions\/1513"}],"wp:attachment":[{"href":"https:\/\/www.fensg.upe.br\/index.php?rest_route=%2Fwp%2Fv2%2Fmedia&parent=1495"}],"curies":[{"name":"wp","href":"https:\/\/api.w.org\/{rel}","templated":true}]}}