{"id":1457,"date":"2023-07-28T15:32:45","date_gmt":"2023-07-28T18:32:45","guid":{"rendered":"https:\/\/www.fensg.upe.br\/?page_id=1457"},"modified":"2023-07-28T15:53:20","modified_gmt":"2023-07-28T18:53:20","slug":"pepeav","status":"publish","type":"page","link":"https:\/\/www.fensg.upe.br\/?page_id=1457","title":{"rendered":"PEPEAV"},"content":{"rendered":"\n<p class=\"has-text-align-center\"><strong><mark style=\"background-color:rgba(0, 0, 0, 0)\" class=\"has-inline-color has-black-color\">Programa de Ensino e Pesquisa em Emerg\u00eancias, Acidentes e Viol\u00eancias \u2013 PEPEAV<\/mark><\/strong><br><\/p>\n\n\n\n<p class=\"has-text-align-center\">Atividades foram iniciadas em 1989 e, desde ent\u00e3o, constitui espa\u00e7o institucional<br>bipartite entre a UPE e CBMPE. \u00c9 sediado na Faculdade de Enfermagem Nossa Senhora<br>das Gra\u00e7as \u2013 FENSG, no Campus Santo Amaro. Possui atua\u00e7\u00e3o permanente e regular nos<br>cursos de gradua\u00e7\u00e3o e especializa\u00e7\u00e3o da UPE, nos cursos de forma\u00e7\u00e3o do Corpo de<br>Bombeiros Militar de Pernambuco \u2013 CBMPE, nas escolas p\u00fablicas e particulares do Estado,<br>nas institui\u00e7\u00f5es de sa\u00fade e nas institui\u00e7\u00f5es de seguran\u00e7a p\u00fablica.<br>Destacam-se as atividades permanentes no ensino de gradua\u00e7\u00e3o atrav\u00e9s de aulas<br>no laborat\u00f3rio de pr\u00e1ticas educativas em disciplinas na \u00e1rea de emerg\u00eancias, acidentes e<br>viol\u00eancias, para estudantes da Escola Superior de Educa\u00e7\u00e3o F\u00edsica \u2013 ESEF, da Faculdade<br>de Ci\u00eancias M\u00e9dicas \u2013 FCM, da Faculdade de Enfermagem Nossa Senhora das Gra\u00e7as \u2013<br>FENSG e do Instituto de Ci\u00eancias Biol\u00f3gicas \u2013 ICB.<br>Destacam-se tamb\u00e9m as atividades permanentes atrav\u00e9s de atualiza\u00e7\u00f5es,<br>capacita\u00e7\u00f5es, qualifica\u00e7\u00e3o e treinamentos de Bombeiros Militares e equipes de SAMU, tanto<br>do Estado de Pernambuco quanto de outros estados.<br>Desenvolve importante papel na \u00e1rea de pesquisa e extens\u00e3o, atrav\u00e9s da<br>participa\u00e7\u00e3o em projetos e a\u00e7\u00f5es diversas.<\/p>\n\n\n\n<p><\/p>\n\n\n\n<p><\/p>\n\n\n\n<figure class=\"is-layout-flex wp-block-gallery-1 wp-block-gallery has-nested-images columns-default is-cropped\">\n<figure class=\"wp-block-image size-large\"><img decoding=\"async\" loading=\"lazy\" width=\"1024\" height=\"768\" data-id=\"1466\"  src=\"https:\/\/www.fensg.upe.br\/wp-content\/uploads\/2023\/07\/PHOTO-2023-07-28-11-00-204.jpg\" alt=\"\" class=\"wp-image-1466\" srcset=\"https:\/\/www.fensg.upe.br\/wp-content\/uploads\/2023\/07\/PHOTO-2023-07-28-11-00-204.jpg 1024w, https:\/\/www.fensg.upe.br\/wp-content\/uploads\/2023\/07\/PHOTO-2023-07-28-11-00-204-300x225.jpg 300w, https:\/\/www.fensg.upe.br\/wp-content\/uploads\/2023\/07\/PHOTO-2023-07-28-11-00-204-768x576.jpg 768w\" sizes=\"(max-width: 1024px) 100vw, 1024px\" \/><\/figure>\n\n\n\n<figure class=\"wp-block-image size-large\"><img decoding=\"async\" loading=\"lazy\" width=\"1024\" height=\"768\" data-id=\"1467\"  src=\"https:\/\/www.fensg.upe.br\/wp-content\/uploads\/2023\/07\/PHOTO-2023-07-28-11-00-20.jpg\" alt=\"\" class=\"wp-image-1467\" srcset=\"https:\/\/www.fensg.upe.br\/wp-content\/uploads\/2023\/07\/PHOTO-2023-07-28-11-00-20.jpg 1024w, https:\/\/www.fensg.upe.br\/wp-content\/uploads\/2023\/07\/PHOTO-2023-07-28-11-00-20-300x225.jpg 300w, https:\/\/www.fensg.upe.br\/wp-content\/uploads\/2023\/07\/PHOTO-2023-07-28-11-00-20-768x576.jpg 768w\" sizes=\"(max-width: 1024px) 100vw, 1024px\" \/><\/figure>\n\n\n\n<figure class=\"wp-block-image size-large\"><img decoding=\"async\" loading=\"lazy\" width=\"1024\" height=\"768\" data-id=\"1468\"  src=\"https:\/\/www.fensg.upe.br\/wp-content\/uploads\/2023\/07\/PHOTO-2023-07-28-11-24-11.jpg\" alt=\"\" class=\"wp-image-1468\" srcset=\"https:\/\/www.fensg.upe.br\/wp-content\/uploads\/2023\/07\/PHOTO-2023-07-28-11-24-11.jpg 1024w, https:\/\/www.fensg.upe.br\/wp-content\/uploads\/2023\/07\/PHOTO-2023-07-28-11-24-11-300x225.jpg 300w, https:\/\/www.fensg.upe.br\/wp-content\/uploads\/2023\/07\/PHOTO-2023-07-28-11-24-11-768x576.jpg 768w\" sizes=\"(max-width: 1024px) 100vw, 1024px\" \/><\/figure>\n\n\n\n<figure class=\"wp-block-image size-large\"><img decoding=\"async\" loading=\"lazy\" width=\"768\" height=\"1024\" data-id=\"1469\"  src=\"https:\/\/www.fensg.upe.br\/wp-content\/uploads\/2023\/07\/PHOTO-2023-07-28-11-15-50.jpg\" alt=\"\" class=\"wp-image-1469\" srcset=\"https:\/\/www.fensg.upe.br\/wp-content\/uploads\/2023\/07\/PHOTO-2023-07-28-11-15-50.jpg 768w, https:\/\/www.fensg.upe.br\/wp-content\/uploads\/2023\/07\/PHOTO-2023-07-28-11-15-50-225x300.jpg 225w\" sizes=\"(max-width: 768px) 100vw, 768px\" \/><\/figure>\n\n\n\n<figure class=\"wp-block-image size-large\"><img decoding=\"async\" loading=\"lazy\" width=\"1024\" height=\"740\" data-id=\"1464\"  src=\"https:\/\/www.fensg.upe.br\/wp-content\/uploads\/2023\/07\/PHOTO-2023-07-28-11-12-03.jpg\" alt=\"\" class=\"wp-image-1464\" srcset=\"https:\/\/www.fensg.upe.br\/wp-content\/uploads\/2023\/07\/PHOTO-2023-07-28-11-12-03.jpg 1024w, https:\/\/www.fensg.upe.br\/wp-content\/uploads\/2023\/07\/PHOTO-2023-07-28-11-12-03-300x217.jpg 300w, https:\/\/www.fensg.upe.br\/wp-content\/uploads\/2023\/07\/PHOTO-2023-07-28-11-12-03-768x555.jpg 768w\" sizes=\"(max-width: 1024px) 100vw, 1024px\" \/><\/figure>\n\n\n\n<figure class=\"wp-block-image size-large\"><img decoding=\"async\" loading=\"lazy\" width=\"960\" height=\"720\" data-id=\"1462\"  src=\"https:\/\/www.fensg.upe.br\/wp-content\/uploads\/2023\/07\/PHOTO-2023-07-28-11-00-203.jpg\" alt=\"\" class=\"wp-image-1462\" srcset=\"https:\/\/www.fensg.upe.br\/wp-content\/uploads\/2023\/07\/PHOTO-2023-07-28-11-00-203.jpg 960w, https:\/\/www.fensg.upe.br\/wp-content\/uploads\/2023\/07\/PHOTO-2023-07-28-11-00-203-300x225.jpg 300w, https:\/\/www.fensg.upe.br\/wp-content\/uploads\/2023\/07\/PHOTO-2023-07-28-11-00-203-768x576.jpg 768w\" sizes=\"(max-width: 960px) 100vw, 960px\" \/><\/figure>\n\n\n\n<figure class=\"wp-block-image size-large\"><img decoding=\"async\" loading=\"lazy\" width=\"1024\" height=\"576\" data-id=\"1463\"  src=\"https:\/\/www.fensg.upe.br\/wp-content\/uploads\/2023\/07\/PHOTO-2023-07-28-11-00-202.jpg\" alt=\"\" class=\"wp-image-1463\" srcset=\"https:\/\/www.fensg.upe.br\/wp-content\/uploads\/2023\/07\/PHOTO-2023-07-28-11-00-202.jpg 1024w, https:\/\/www.fensg.upe.br\/wp-content\/uploads\/2023\/07\/PHOTO-2023-07-28-11-00-202-300x169.jpg 300w, https:\/\/www.fensg.upe.br\/wp-content\/uploads\/2023\/07\/PHOTO-2023-07-28-11-00-202-768x432.jpg 768w\" sizes=\"(max-width: 1024px) 100vw, 1024px\" \/><\/figure>\n\n\n\n<figure class=\"wp-block-image size-large\"><img decoding=\"async\" loading=\"lazy\" width=\"1024\" height=\"576\" data-id=\"1465\"  src=\"https:\/\/www.fensg.upe.br\/wp-content\/uploads\/2023\/07\/PHOTO-2023-07-28-11-00-201.jpg\" alt=\"\" class=\"wp-image-1465\" srcset=\"https:\/\/www.fensg.upe.br\/wp-content\/uploads\/2023\/07\/PHOTO-2023-07-28-11-00-201.jpg 1024w, https:\/\/www.fensg.upe.br\/wp-content\/uploads\/2023\/07\/PHOTO-2023-07-28-11-00-201-300x169.jpg 300w, https:\/\/www.fensg.upe.br\/wp-content\/uploads\/2023\/07\/PHOTO-2023-07-28-11-00-201-768x432.jpg 768w\" sizes=\"(max-width: 1024px) 100vw, 1024px\" \/><\/figure>\n<\/figure>\n\n\n\n\n\n<p><\/p>\n\n\n\n<p><\/p>\n","protected":false},"excerpt":{"rendered":"<p>Programa de Ensino e Pesquisa em Emerg\u00eancias, Acidentes e Viol\u00eancias \u2013 PEPEAV Atividades foram iniciadas em 1989 e, desde ent\u00e3o, constitui espa\u00e7o institucionalbipartite entre a UPE e CBMPE. \u00c9 sediado na Faculdade de Enfermagem Nossa Senhoradas Gra\u00e7as \u2013 FENSG, no Campus Santo Amaro. Possui atua\u00e7\u00e3o permanente e regular noscursos de gradua\u00e7\u00e3o e especializa\u00e7\u00e3o da UPE, &hellip;<\/p>\n","protected":false},"author":2,"featured_media":0,"parent":0,"menu_order":0,"comment_status":"closed","ping_status":"closed","template":"","meta":[],"_links":{"self":[{"href":"https:\/\/www.fensg.upe.br\/index.php?rest_route=\/wp\/v2\/pages\/1457"}],"collection":[{"href":"https:\/\/www.fensg.upe.br\/index.php?rest_route=\/wp\/v2\/pages"}],"about":[{"href":"https:\/\/www.fensg.upe.br\/index.php?rest_route=\/wp\/v2\/types\/page"}],"author":[{"embeddable":true,"href":"https:\/\/www.fensg.upe.br\/index.php?rest_route=\/wp\/v2\/users\/2"}],"replies":[{"embeddable":true,"href":"https:\/\/www.fensg.upe.br\/index.php?rest_route=%2Fwp%2Fv2%2Fcomments&post=1457"}],"version-history":[{"count":2,"href":"https:\/\/www.fensg.upe.br\/index.php?rest_route=\/wp\/v2\/pages\/1457\/revisions"}],"predecessor-version":[{"id":1470,"href":"https:\/\/www.fensg.upe.br\/index.php?rest_route=\/wp\/v2\/pages\/1457\/revisions\/1470"}],"wp:attachment":[{"href":"https:\/\/www.fensg.upe.br\/index.php?rest_route=%2Fwp%2Fv2%2Fmedia&parent=1457"}],"curies":[{"name":"wp","href":"https:\/\/api.w.org\/{rel}","templated":true}]}}