{"id":1342,"date":"2023-07-27T12:41:25","date_gmt":"2023-07-27T15:41:25","guid":{"rendered":"https:\/\/www.fensg.upe.br\/?page_id=1342"},"modified":"2023-09-13T12:04:05","modified_gmt":"2023-09-13T15:04:05","slug":"saude-da-familia","status":"publish","type":"page","link":"https:\/\/www.fensg.upe.br\/?page_id=1342","title":{"rendered":"Sa\u00fade da Fam\u00edlia"},"content":{"rendered":"\n<p class=\"has-small-font-size\"><strong>CURSO DE ESPECIALIZA\u00c7\u00c3O EM SA\u00daDE DA FAM\u00cdLIA<\/strong><\/p>\n\n\n\n<div class=\"clear\"><\/div><div class=\"toggle close\"><h3 class=\"toggle-head-open\"><strong>Informa\u00e7\u00f5es Gerais<\/strong><i class=\"fa fa-angle-up\"><\/i><\/h3><h3 class=\"toggle-head-close\"><strong>Informa\u00e7\u00f5es Gerais<\/strong><i class=\"fa fa-angle-down\"><\/i><\/h3><div class=\"toggle-content\">\n\t\t\t\n\n\n\n<p><strong>CARGA HOR\u00c1RIA:<\/strong> 360 h<br><strong>TIPO:<\/strong> LATO SENSU \u2013 ESPECIALIZA\u00c7\u00c3O<br><strong>N\u00daMERO DE VAGAS:<\/strong> 50 VAGAS<br><strong>P\u00daBLICO ALVO:<\/strong> ENFERMEIROS<br><\/p>\n\n\n\n<p>A Estrat\u00e9gia Sa\u00fade da Fam\u00edlia vem se consolidando a partir do trabalho de equipes de<br>sa\u00fade da fam\u00edlia que devem ser capazes de trabalhar de forma multiprofissional e<br>interdisciplinar, cuidando de territ\u00f3rios adstritos, suas fam\u00edlias e indiv\u00edduos. O enfermeiro,<br>integrante da equipe de sa\u00fade da fam\u00edlia, exercita um crucial papel na consolida\u00e7\u00e3o da Sa\u00fade da<br>Fam\u00edlia.<br>Diante da perspectiva desafiadora de retomar a pr\u00e1tica do cuidar do enfermeiro centrado<br>no indiv\u00edduo, na fam\u00edlia e na comunidade, onde a prioridade \u00e9 a preven\u00e7\u00e3o e promo\u00e7\u00e3o da sa\u00fade<br>que \u00e9 compreendida num contexto de cidadania, que curso Especializa\u00e7\u00e3o em Sa\u00fade da Fam\u00edlia<br>foi concebido. A proposta de criar um curso de Especializa\u00e7\u00e3o em Enfermagem na Estrat\u00e9gia<br>Sa\u00fade da Fam\u00edlia surgiu a partir das experi\u00eancias vivenciadas e compartilhadas por docentes da<br>Faculdade de Enfermagem Nossa Senhora das Gra\u00e7as \u2013 Universidade de Pernambuco (FENSG<br>\u2013 UPE) em colaborar com a forma\u00e7\u00e3o, capacita\u00e7\u00e3o e educa\u00e7\u00e3o permanente de profissionais de<br>sa\u00fade no que se refere \u00e0s estrat\u00e9gias de atua\u00e7\u00e3o nesta Estrat\u00e9gia.<br>O curso de Especializa\u00e7\u00e3o foi idealizado tamb\u00e9m como resposta aos anseios de<br>discentes concluintes do Curso de Gradua\u00e7\u00e3o em Enfermagem e de alunos de outras Institui\u00e7\u00f5es<br>de Ensino Superior e de outros munic\u00edpios do Estado de Pernambuco. Neste sentido, o Curso<br>de Especializa\u00e7\u00e3o foi estruturado como forma de dar continuidade \u00e0 forma\u00e7\u00e3o de profissionais<br>de sa\u00fade na \u00e1rea de Sa\u00fade da Fam\u00edlia e reflete a preocupa\u00e7\u00e3o da FENSG\/UPE em investir na<br>capacita\u00e7\u00e3o de profissionais capazes de responder a esta demanda inovada e, socialmente<br>desej\u00e1vel, de atuar em sa\u00fade na perspectiva maior de buscar o bem-estar social e em defesa da<br>vida do cidad\u00e3o.<\/p>\n\n\n\n\n\t\t\t<\/div><\/div>\n\n\n\n<div class=\"clear\"><\/div><div class=\"toggle close\"><h3 class=\"toggle-head-open\"><strong>Objetivos<\/strong><i class=\"fa fa-angle-up\"><\/i><\/h3><h3 class=\"toggle-head-close\"><strong>Objetivos<\/strong><i class=\"fa fa-angle-down\"><\/i><\/h3><div class=\"toggle-content\">\n\t\t\t\n\n\n\n<p class=\"has-small-font-size\"><strong>OBJETIVOS DO CURSO<\/strong><\/p>\n\n\n\n<ul>\n<li>Proporcionar a enfermeiros qualifica\u00e7\u00e3o em n\u00edvel de especializa\u00e7\u00e3o no mesmo que vise o desenvolvimento e a consolida\u00e7\u00e3o do Sistema \u00danico de Sa\u00fade, atrav\u00e9s da implanta\u00e7\u00e3o de um novo modelo assistencial que, a partir da aten\u00e7\u00e3o b\u00e1sica, eleja a fam\u00edlia e o seu espa\u00e7o social como n\u00facleo b\u00e1sico de abordagem no atendimento \u00e0 sa\u00fade.<\/li>\n\n\n\n<li>Compreender o contexto s\u00f3cio-econ\u00f4mico, hist\u00f3rico, cultural e ambiental dos determinantes do processo sa\u00fade-doen\u00e7a, para desenvolvimento de habilidades de identifica\u00e7\u00e3o e compreens\u00e3o dos problemas de sa\u00fade prevalentes e situa\u00e7\u00f5es de riscos ambientais que as popula\u00e7\u00f5es do sa\u00fade da fam\u00edlia est\u00e3o expostas. Desenvolvimento de habilidades para o diagn\u00f3stico de sa\u00fade local;<\/li>\n\n\n\n<li>Aprender a planejar a\u00e7\u00f5es de sa\u00fade local. Monitoramento, acompanhamento e avalia\u00e7\u00e3o das a\u00e7\u00f5es desenvolvidas, a partir da elabora\u00e7\u00e3o de planos de a\u00e7\u00e3o baseado em diagn\u00f3stico local e da capacidade de an\u00e1lise e reflex\u00e3o, de forma cr\u00edtica, das a\u00e7\u00f5es de sa\u00fade desenvolvidas pelos servi\u00e7os de sa\u00fade;<\/li>\n\n\n\n<li>Apreender conhecimentos e instrumentos para realizar, a partir das necessidades da popula\u00e7\u00e3o descrita, o planejamento, a ger\u00eancia e a execu\u00e7\u00e3o das a\u00e7\u00f5es de educa\u00e7\u00e3o em sa\u00fade e a mobiliza\u00e7\u00e3o comunit\u00e1ria, assim como o desenvolvimento da educa\u00e7\u00e3o em sa\u00fade e educa\u00e7\u00e3o continuada para os ACS, tecnicos de enfermagem;<\/li>\n\n\n\n<li>Planejar e organizar a assist\u00eancia de enfermagem integral e cont\u00ednua as fam\u00edlias aos indiv\u00edduos em todo seu ciclo de vida. Assist\u00eancia de enfermagem \u00e0 crian\u00e7as, adolescentes, mulheres, homens e idosos. Assist\u00eancia de enfermagem a fam\u00edlias e indiv\u00edduos em situa\u00e7\u00f5es de maior vulnerabilidade e sofrimento.<\/li>\n<\/ul>\n\n\n\n\n\t\t\t<\/div><\/div>\n\n\n\n<div class=\"clear\"><\/div><div class=\"toggle close\"><h3 class=\"toggle-head-open\"><strong>Processo Seletivo<\/strong><i class=\"fa fa-angle-up\"><\/i><\/h3><h3 class=\"toggle-head-close\"><strong>Processo Seletivo<\/strong><i class=\"fa fa-angle-down\"><\/i><\/h3><div class=\"toggle-content\">\n\t\t\t\n\n\n\n<p>Requisitos:<\/p>\n\n\n\n<p>\u2022 Ter curso superior reconhecido pelo ME em Enfermagem;<br>\u2022 Ter o Diploma de Gradua\u00e7\u00e3o;<br>\u2022 Estar registrado no conselho da categoria profissional.<\/p>\n\n\n\n<p>Processo seletivo: Curriculum Lattes ou Vitae.<\/p>\n\n\n\n\n\t\t\t<\/div><\/div>\n\n\n\n<div class=\"clear\"><\/div><div class=\"toggle close\"><h3 class=\"toggle-head-open\"><strong>Matriz Curricular<\/strong><i class=\"fa fa-angle-up\"><\/i><\/h3><h3 class=\"toggle-head-close\"><strong>Matriz Curricular<\/strong><i class=\"fa fa-angle-down\"><\/i><\/h3><div class=\"toggle-content\">\n\t\t\t\n\n\n\n<p><a href=\"https:\/\/www.fensg.upe.br\/wp-content\/uploads\/2023\/09\/MATRIZ-CURRICULAR.pdf\" target=\"_blank\" rel=\"noreferrer noopener\">MATRIZ CURRICULAR<\/a><\/p>\n\n\n\n\n\t\t\t<\/div><\/div>\n\n\n\n<div class=\"clear\"><\/div><div class=\"toggle close\"><h3 class=\"toggle-head-open\"><strong>Corpo Docente<\/strong><i class=\"fa fa-angle-up\"><\/i><\/h3><h3 class=\"toggle-head-close\"><strong>Corpo Docente<\/strong><i class=\"fa fa-angle-down\"><\/i><\/h3><div class=\"toggle-content\">\n\t\t\t\n\n\n\n<figure class=\"wp-block-image size-full\"><img decoding=\"async\" loading=\"lazy\" width=\"867\" height=\"553\" src=\"https:\/\/www.fensg.upe.br\/wp-content\/uploads\/2023\/09\/image-1.png\" alt=\"\" class=\"wp-image-1556\" srcset=\"https:\/\/www.fensg.upe.br\/wp-content\/uploads\/2023\/09\/image-1.png 867w, https:\/\/www.fensg.upe.br\/wp-content\/uploads\/2023\/09\/image-1-300x191.png 300w, https:\/\/www.fensg.upe.br\/wp-content\/uploads\/2023\/09\/image-1-768x490.png 768w\" sizes=\"(max-width: 867px) 100vw, 867px\" \/><\/figure>\n\n\n\n<p><a rel=\"noreferrer noopener\" href=\"https:\/\/www.fensg.upe.br\/wp-content\/uploads\/2023\/09\/CORPO-DOCENTE.pdf\" target=\"_blank\"><strong>CORPO DOCENTE<\/strong><\/a><\/p>\n\n\n\n\n\t\t\t<\/div><\/div>\n\n\n\n<div class=\"clear\"><\/div><div class=\"toggle close\"><h3 class=\"toggle-head-open\"><strong>Cronograma do Curso<\/strong><i class=\"fa fa-angle-up\"><\/i><\/h3><h3 class=\"toggle-head-close\"><strong>Cronograma do Curso<\/strong><i class=\"fa fa-angle-down\"><\/i><\/h3><div class=\"toggle-content\">\n\t\t\t\n\n\n\n<figure class=\"wp-block-image size-full\"><img decoding=\"async\" loading=\"lazy\" width=\"589\" height=\"204\" src=\"https:\/\/www.fensg.upe.br\/wp-content\/uploads\/2023\/09\/image-2.png\" alt=\"\" class=\"wp-image-1559\" srcset=\"https:\/\/www.fensg.upe.br\/wp-content\/uploads\/2023\/09\/image-2.png 589w, https:\/\/www.fensg.upe.br\/wp-content\/uploads\/2023\/09\/image-2-300x104.png 300w\" sizes=\"(max-width: 589px) 100vw, 589px\" \/><\/figure>\n\n\n\n\n\t\t\t<\/div><\/div>\n\n\n\n<p><\/p>\n\n\n\n<p><\/p>\n\n\n\n<div class=\"clear\"><\/div><div class=\"toggle close\"><h3 class=\"toggle-head-open\"><strong>Inscri\u00e7\u00e3o<\/strong><i class=\"fa fa-angle-up\"><\/i><\/h3><h3 class=\"toggle-head-close\"><strong>Inscri\u00e7\u00e3o<\/strong><i class=\"fa fa-angle-down\"><\/i><\/h3><div class=\"toggle-content\">\n\t\t\t\n\n\n\n<p><br><strong>Documentos :<\/strong> <\/p>\n\n\n\n<p><\/p>\n\n\n\n<ul>\n<li>Carteira de Identidade<\/li>\n\n\n\n<li>CPF; <\/li>\n\n\n\n<li>Diploma ou declara\u00e7\u00e3o do Curso Superior, com hist\u00f3rico escolar; <\/li>\n\n\n\n<li>Carteira do Conselho; <\/li>\n\n\n\n<li>Curriculum vitae ou lattes.<\/li>\n<\/ul>\n\n\n\n<p><br><strong>Inscri\u00e7\u00e3o via formul\u00e1rio:<\/strong> <em><a href=\"https:\/\/forms.gle\/689VyDygTBuNF77Z8\" target=\"_blank\" rel=\"noreferrer noopener\"><mark style=\"background-color:rgba(0, 0, 0, 0)\" class=\"has-inline-color has-vivid-cyan-blue-color\">https:\/\/forms.gle\/689VyDygTBuNF77Z8<\/mark><\/a><\/em><\/p>\n\n\n\n<p>Necess\u00e1rio pagamento de taxa de inscri\u00e7\u00e3o<\/p>\n\n\n\n<p><strong>Banco do Brasil\u00a0<\/strong><\/p>\n\n\n\n<p><strong>Ag: 3234-4<\/strong><\/p>\n\n\n\n<p><strong>cc:12371-4<\/strong><\/p>\n\n\n\n\n\t\t\t<\/div><\/div>\n\n\n\n<figure class=\"wp-block-image size-large\"><img decoding=\"async\" loading=\"lazy\" width=\"1024\" height=\"1024\" src=\"https:\/\/www.fensg.upe.br\/wp-content\/uploads\/2023\/09\/CARD-DIVULGACAO-1-1-1024x1024.png\" alt=\"\" class=\"wp-image-1560\" srcset=\"https:\/\/www.fensg.upe.br\/wp-content\/uploads\/2023\/09\/CARD-DIVULGACAO-1-1-1024x1024.png 1024w, https:\/\/www.fensg.upe.br\/wp-content\/uploads\/2023\/09\/CARD-DIVULGACAO-1-1-300x300.png 300w, https:\/\/www.fensg.upe.br\/wp-content\/uploads\/2023\/09\/CARD-DIVULGACAO-1-1-150x150.png 150w, https:\/\/www.fensg.upe.br\/wp-content\/uploads\/2023\/09\/CARD-DIVULGACAO-1-1-768x768.png 768w, https:\/\/www.fensg.upe.br\/wp-content\/uploads\/2023\/09\/CARD-DIVULGACAO-1-1.png 1080w\" sizes=\"(max-width: 1024px) 100vw, 1024px\" \/><\/figure>\n\n\n\n<p><\/p>\n\n\n\n<p><\/p>\n\n\n\n<p><br><\/p>\n\n\n\n<p><\/p>\n","protected":false},"excerpt":{"rendered":"<p>CURSO DE ESPECIALIZA\u00c7\u00c3O EM SA\u00daDE DA FAM\u00cdLIA<\/p>\n","protected":false},"author":2,"featured_media":0,"parent":0,"menu_order":0,"comment_status":"closed","ping_status":"closed","template":"","meta":[],"_links":{"self":[{"href":"https:\/\/www.fensg.upe.br\/index.php?rest_route=\/wp\/v2\/pages\/1342"}],"collection":[{"href":"https:\/\/www.fensg.upe.br\/index.php?rest_route=\/wp\/v2\/pages"}],"about":[{"href":"https:\/\/www.fensg.upe.br\/index.php?rest_route=\/wp\/v2\/types\/page"}],"author":[{"embeddable":true,"href":"https:\/\/www.fensg.upe.br\/index.php?rest_route=\/wp\/v2\/users\/2"}],"replies":[{"embeddable":true,"href":"https:\/\/www.fensg.upe.br\/index.php?rest_route=%2Fwp%2Fv2%2Fcomments&post=1342"}],"version-history":[{"count":7,"href":"https:\/\/www.fensg.upe.br\/index.php?rest_route=\/wp\/v2\/pages\/1342\/revisions"}],"predecessor-version":[{"id":1603,"href":"https:\/\/www.fensg.upe.br\/index.php?rest_route=\/wp\/v2\/pages\/1342\/revisions\/1603"}],"wp:attachment":[{"href":"https:\/\/www.fensg.upe.br\/index.php?rest_route=%2Fwp%2Fv2%2Fmedia&parent=1342"}],"curies":[{"name":"wp","href":"https:\/\/api.w.org\/{rel}","templated":true}]}}