{"id":1312,"date":"2023-07-26T16:05:55","date_gmt":"2023-07-26T19:05:55","guid":{"rendered":"https:\/\/www.fensg.upe.br\/?page_id=1312"},"modified":"2026-04-13T11:59:09","modified_gmt":"2026-04-13T14:59:09","slug":"estomaterapia","status":"publish","type":"page","link":"https:\/\/www.fensg.upe.br\/?page_id=1312","title":{"rendered":"Estomaterapia"},"content":{"rendered":"<div class=\"clear\"><\/div><div class=\"toggle close\"><h3 class=\"toggle-head-open\"><strong>Curso de Especializa\u00e7\u00e3o em Enfermagem em Estomaterapia - 2026<\/strong><i class=\"fa fa-angle-up\"><\/i><\/h3><h3 class=\"toggle-head-close\"><strong>Curso de Especializa\u00e7\u00e3o em Enfermagem em Estomaterapia - 2026<\/strong><i class=\"fa fa-angle-down\"><\/i><\/h3><div class=\"toggle-content\">\n\t\t\t\n<ul>\n<h3><em><a href=\"https:\/\/www.fensg.upe.br\/wp-content\/uploads\/2026\/04\/CANDIDATOS-APROVADOS-PARA-BOLSA-NO-CURSO-DE-ESPECIALIZACAO-EM-ESTOMATERAPIA.pdf\" target=\"_blank\" rel=\"noopener\">Resultado dos Candidatos Aprovados Para a Bolsa no Curso de Especializa\u00e7\u00e3o em Estomaterapia 2026&nbsp;<\/a><\/em><\/h3>\n<\/ul>\n<ul>\n<h3><em><a href=\"https:\/\/www.fensg.upe.br\/wp-content\/uploads\/2026\/03\/RESULTADO-FINAL-ESTOMATERAPIA-2026.pdf\" target=\"_blank\" rel=\"noopener\">Resultado Final dos Aprovados da Prova Escrita do Processo de Sele\u00e7\u00e3o para o Curso de Estomaterapia 2026&nbsp;<\/a><\/em><\/h3>\n<\/ul>\n<ul>\n<h3><em><a href=\"https:\/\/www.fensg.upe.br\/wp-content\/uploads\/2026\/03\/APROVADOS-NA-ETAPA-DE-PROVA-ESCRITA-DE-ESTOMATERAPIA-2026.pdf\" target=\"_blank\" rel=\"noopener\">Rela\u00e7\u00e3o dos Aprovados da Etapa da Prova Escrita do Processo de Sele\u00e7\u00e3o para o Curso de Estomaterapia 2026 2026&nbsp;<\/a><\/em><\/h3>\n<\/ul>\n<ul>\n<h3><em><a href=\"https:\/\/www.fensg.upe.br\/wp-content\/uploads\/2026\/03\/ERRATA-DATA-E-LOCAL-DE-PROVA-ESTOMATERAPIA-2026-.pdf\" target=\"_blank\" rel=\"noopener\">Errata do Local de Prova Estomaterapia 2026&nbsp;<\/a><\/em><\/h3>\n<\/ul>\n<ul>\n<h3><em><a href=\"https:\/\/www.fensg.upe.br\/wp-content\/uploads\/2026\/03\/PROVA-ESTOMATERAPIA-2026.pdf\" target=\"_blank\" rel=\"noopener\">Local de Prova Estomaterapia 2026&nbsp;<\/a><\/em><\/h3>\n<\/ul>\n<ul>\n<h3><em><a href=\"https:\/\/www.fensg.upe.br\/wp-content\/uploads\/2026\/03\/HOMOLOGACAO-ESTOMATERAPIA-2026.pdf\" target=\"_blank\" rel=\"noopener\">Homologa\u00e7\u00e3o das Inscri\u00e7\u00f5es de Estomaterapia 2026&nbsp;<\/a><\/em><\/h3>\n<\/ul>\n<ul>\n<h3><em><a href=\"https:\/\/www.fensg.upe.br\/wp-content\/uploads\/2026\/02\/ERRATA-EDITAL-ESTOMATERAPIA.pdf\" target=\"_blank\" rel=\"noopener\">Errata Edital Estomaterapia 2026&nbsp;<\/a><\/em><\/h3>\n<\/ul>\n<ul>\n<h3><em><a href=\"https:\/\/www.fensg.upe.br\/wp-content\/uploads\/2026\/01\/EDITAL-TURMA-6-ESTOMA-2026.pdf\" target=\"_blank\" rel=\"noopener\">Edital Estomaterapia 2026&nbsp;<\/a><\/em><\/h3>\n<\/ul>\n\n\t\t\t<\/div><\/div>\n\n\n<div class=\"clear\"><\/div><div class=\"toggle close\"><h3 class=\"toggle-head-open\"><strong>Curso de Especializa\u00e7\u00e3o em Enfermagem em Estomaterapia - 2024<\/strong><i class=\"fa fa-angle-up\"><\/i><\/h3><h3 class=\"toggle-head-close\"><strong>Curso de Especializa\u00e7\u00e3o em Enfermagem em Estomaterapia - 2024<\/strong><i class=\"fa fa-angle-down\"><\/i><\/h3><div class=\"toggle-content\">\n\t\t\t\n<div class=\"one_half\"><\/div>\n<ul>\n<h3><em><a href=\"https:\/\/www.fensg.upe.br\/wp-content\/uploads\/2024\/05\/RESULTADO-FINAL.pdf\" target=\"_blank\" rel=\"noopener\">Divulga\u00e7\u00e3o do Resultado Final &nbsp;<\/a><\/em><\/h3>\n<\/ul>\n<div class=\"one_half\"><\/div>\n<ul>\n<h3><em><a href=\"https:\/\/www.fensg.upe.br\/wp-content\/uploads\/2024\/05\/RESULTADO-APOS-RECURSO.pdf\" target=\"_blank\" rel=\"noopener\">Resultado Ap\u00f3s Recurso da Prova de Conhecimento Espec\u00edfico &nbsp;<\/a><\/em><\/h3>\n<\/ul>\n<div class=\"one_half\"><\/div>\n<ul>\n<h3><em><a href=\"https:\/\/docs.google.com\/forms\/d\/1ODbhUcBq0H2UeIGHhGKu7aMia1h6akcj6ireheFUq9k\/edit\" target=\"_blank\" rel=\"noopener\">Solicita\u00e7\u00e3o de Recurso &#8211; Prova de Conhecimento Espec\u00edfico &nbsp;<\/a><\/em><\/h3>\n<\/ul>\n<div class=\"one_half\"><\/div>\n<ul>\n<h3><em><a href=\"https:\/\/www.fensg.upe.br\/wp-content\/uploads\/2024\/05\/NOTAS-DA-PROVA-DE-CONHECIMENTO-ESPECIFICO-ETAPA-I.pdf\" target=\"_blank\" rel=\"noopener\">Resultado da Prova de Conhecimento Espec\u00edfico &#8211; Etapa I &nbsp;<\/a><\/em><\/h3>\n<\/ul>\n<div class=\"one_half\"><\/div>\n<ul>\n<h3><em><a href=\"https:\/\/www.fensg.upe.br\/wp-content\/uploads\/2024\/05\/HOMOLOGACAO-DAS-INSCRICOES.pdf\" target=\"_blank\" rel=\"noopener\">Homologa\u00e7\u00e3o das Inscri\u00e7\u00f5es do Curso de Estomaterapia 2024 &nbsp;<\/a><\/em><\/h3>\n<\/ul>\n<div class=\"one_half\"><\/div>\n<ul>\n<h3><em><a href=\"https:\/\/www.fensg.upe.br\/wp-content\/uploads\/2024\/04\/ERRATA.pdf\" target=\"_blank\" rel=\"noopener\">Errata do Edital do curso de estomaterapia 2024 &nbsp;<\/a><\/em><\/h3>\n<\/ul>\n<div class=\"one_half\"><\/div>\n<ul>\n<h3><em><a href=\"https:\/\/www.fensg.upe.br\/wp-content\/uploads\/2024\/03\/EDITAL-CURSO-ESTOMATERAPIA-TURMA-5.pdf\" target=\"_blank\" rel=\"noopener\">Edital Estomaterapia 2024&nbsp;<\/a><\/em><\/h3>\n<\/ul>\n<p><\/p>\n<p align=\"center\"><img decoding=\"async\" loading=\"lazy\" src=\"https:\/\/www.fensg.upe.br\/wp-content\/uploads\/2024\/04\/IMG-20240412-WA0198.jpg\" alt=\"some text\" width=\"400\" height=\"40\">\n<\/p>\n\n\t\t\t<\/div><\/div>\n\n\n\n<p><\/p>\n\n\n\n<p><\/p>\n\n\n<div class=\"clear\"><\/div><div class=\"toggle close\"><h3 class=\"toggle-head-open\"><strong>Curso de Especializa\u00e7\u00e3o em Enfermagem em Estomaterapia - 2022<\/strong><i class=\"fa fa-angle-up\"><\/i><\/h3><h3 class=\"toggle-head-close\"><strong>Curso de Especializa\u00e7\u00e3o em Enfermagem em Estomaterapia - 2022<\/strong><i class=\"fa fa-angle-down\"><\/i><\/h3><div class=\"toggle-content\">\n\t\t\t\n<div class=\"one_half\"><\/div>\n<ul>\n<h3><em><a href=\"https:\/\/www.fensg.upe.br\/wp-content\/uploads\/2022\/10\/Edital-ESTOMA-2020.pdf\" target=\"_blank\" rel=\"noopener\">Edital Estomaterapia 2020&nbsp;<\/a><\/em><\/h3>\n<p><\/p>\n<h3><em><a href=\"https:\/\/www.fensg.upe.br\/wp-content\/uploads\/2017\/10\/ERRATA-DO-EDITAL-DE-INSCRI\u00c7\u00c3O-2020_22-1.pdf\" target=\"_blank\" rel=\"noopener\">Errata do Edital de Inscri\u00e7\u00e3o 2020_22<\/a><\/em><\/h3>\n<p><\/p>\n<h3><a href=\"https:\/\/www.fensg.upe.br\/wp-content\/uploads\/2017\/10\/Novo-calend\u00e1rio-do-processo-seletivo-para-o-4\u00ba-Curso-de-Estomaterapia-PDF-1.pdf\" target=\"_blank\" rel=\"noopener\">Novo calend\u00e1rio do processo seletivo para o 4\u00ba Curso de Estomaterapia<\/a><\/h3>\n<\/ul>\n<h4><\/h4>\n<h4>&nbsp;<\/h4>\n<h4>&nbsp;<\/h4>\n<h4>&nbsp;<\/h4>\n<h4>&nbsp;<\/h4>\n<h4><div class=\"one_half last\"><\/div><div class=\"clear\"><\/div><\/h4>\n<h4>&nbsp;<\/h4>\n\n\t\t\t<\/div><\/div>\n","protected":false},"excerpt":{"rendered":"","protected":false},"author":2,"featured_media":0,"parent":0,"menu_order":0,"comment_status":"closed","ping_status":"closed","template":"","meta":[],"_links":{"self":[{"href":"https:\/\/www.fensg.upe.br\/index.php?rest_route=\/wp\/v2\/pages\/1312"}],"collection":[{"href":"https:\/\/www.fensg.upe.br\/index.php?rest_route=\/wp\/v2\/pages"}],"about":[{"href":"https:\/\/www.fensg.upe.br\/index.php?rest_route=\/wp\/v2\/types\/page"}],"author":[{"embeddable":true,"href":"https:\/\/www.fensg.upe.br\/index.php?rest_route=\/wp\/v2\/users\/2"}],"replies":[{"embeddable":true,"href":"https:\/\/www.fensg.upe.br\/index.php?rest_route=%2Fwp%2Fv2%2Fcomments&post=1312"}],"version-history":[{"count":18,"href":"https:\/\/www.fensg.upe.br\/index.php?rest_route=\/wp\/v2\/pages\/1312\/revisions"}],"predecessor-version":[{"id":2093,"href":"https:\/\/www.fensg.upe.br\/index.php?rest_route=\/wp\/v2\/pages\/1312\/revisions\/2093"}],"wp:attachment":[{"href":"https:\/\/www.fensg.upe.br\/index.php?rest_route=%2Fwp%2Fv2%2Fmedia&parent=1312"}],"curies":[{"name":"wp","href":"https:\/\/api.w.org\/{rel}","templated":true}]}}