{"id":1250,"date":"2023-07-26T12:18:33","date_gmt":"2023-07-26T15:18:33","guid":{"rendered":"https:\/\/www.fensg.upe.br\/?page_id=1250"},"modified":"2023-07-26T15:01:22","modified_gmt":"2023-07-26T18:01:22","slug":"psiqueando-em-flores","status":"publish","type":"page","link":"https:\/\/www.fensg.upe.br\/?page_id=1250","title":{"rendered":"Psiqueando em Flores"},"content":{"rendered":"\n<p class=\"has-text-align-center\"><strong><mark style=\"background-color:rgba(0, 0, 0, 0)\" class=\"has-inline-color has-black-color\">PROGRAMA DE EXTENSAO PSIQUEANDO FLORES<\/mark><\/strong><br><br><\/p>\n\n\n\n<div class=\"clear\"><\/div><div class=\"toggle close\"><h3 class=\"toggle-head-open\"><strong>Objetivo<\/strong><i class=\"fa fa-angle-up\"><\/i><\/h3><h3 class=\"toggle-head-close\"><strong>Objetivo<\/strong><i class=\"fa fa-angle-down\"><\/i><\/h3><div class=\"toggle-content\">\n\t\t\t\n\n\n\n<p  align=\"justify\">Promover a\u00e7\u00f5es de car\u00e1ter educativo-informativo para a promo\u00e7\u00e3o da sa\u00fade mental, preven\u00e7\u00e3o, desmistifica\u00e7\u00e3o de estigmas, visando a qualidade de vida, bem estar em conte\u00fados espec\u00edficos dos grupos assistidos.\n\t\t\t<\/div><\/div>\n\n\n\n<div class=\"clear\"><\/div><div class=\"toggle close\"><h3 class=\"toggle-head-open\"><strong>P\u00fablico alvo<\/strong><i class=\"fa fa-angle-up\"><\/i><\/h3><h3 class=\"toggle-head-close\"><strong>P\u00fablico alvo<\/strong><i class=\"fa fa-angle-down\"><\/i><\/h3><div class=\"toggle-content\">\n\t\t\t\n\n\n\n<p  align=\"justify\">Usu\u00e1rios de situa\u00e7\u00e3o de internamento no Hospital Ulysses Pernambucano. SES\/PE. Usu\u00e1rios do ambulat\u00f3rio do homem trans do Centro Integrado de Sa\u00fade Amaury de Medeiros. Ouvintes da r\u00e1dio WEB DA UPE, incluindo comunidade acad\u00eamica da UPE, p\u00fablico adolescentes , profissionais de sa\u00fade no geral.\n\t\t\t<\/div><\/div>\n\n\n\n<div class=\"clear\"><\/div><div class=\"toggle close\"><h3 class=\"toggle-head-open\"><strong>Coordena\u00e7\u00e3o Geral<\/strong><i class=\"fa fa-angle-up\"><\/i><\/h3><h3 class=\"toggle-head-close\"><strong>Coordena\u00e7\u00e3o Geral<\/strong><i class=\"fa fa-angle-down\"><\/i><\/h3><div class=\"toggle-content\">\n\t\t\t\n\n\n\n<p>Edilene Maria da Silva Barbosa<\/p>\n\n\n\n\n\t\t\t<\/div><\/div>\n","protected":false},"excerpt":{"rendered":"<p>PROGRAMA DE EXTENSAO PSIQUEANDO FLORES<\/p>\n","protected":false},"author":2,"featured_media":0,"parent":0,"menu_order":0,"comment_status":"closed","ping_status":"closed","template":"","meta":[],"_links":{"self":[{"href":"https:\/\/www.fensg.upe.br\/index.php?rest_route=\/wp\/v2\/pages\/1250"}],"collection":[{"href":"https:\/\/www.fensg.upe.br\/index.php?rest_route=\/wp\/v2\/pages"}],"about":[{"href":"https:\/\/www.fensg.upe.br\/index.php?rest_route=\/wp\/v2\/types\/page"}],"author":[{"embeddable":true,"href":"https:\/\/www.fensg.upe.br\/index.php?rest_route=\/wp\/v2\/users\/2"}],"replies":[{"embeddable":true,"href":"https:\/\/www.fensg.upe.br\/index.php?rest_route=%2Fwp%2Fv2%2Fcomments&post=1250"}],"version-history":[{"count":3,"href":"https:\/\/www.fensg.upe.br\/index.php?rest_route=\/wp\/v2\/pages\/1250\/revisions"}],"predecessor-version":[{"id":1306,"href":"https:\/\/www.fensg.upe.br\/index.php?rest_route=\/wp\/v2\/pages\/1250\/revisions\/1306"}],"wp:attachment":[{"href":"https:\/\/www.fensg.upe.br\/index.php?rest_route=%2Fwp%2Fv2%2Fmedia&parent=1250"}],"curies":[{"name":"wp","href":"https:\/\/api.w.org\/{rel}","templated":true}]}}