{"id":1249,"date":"2023-07-26T12:18:33","date_gmt":"2023-07-26T15:18:33","guid":{"rendered":"https:\/\/www.fensg.upe.br\/?page_id=1249"},"modified":"2023-07-26T15:00:44","modified_gmt":"2023-07-26T18:00:44","slug":"primeiros-socorros-nas-escolas","status":"publish","type":"page","link":"https:\/\/www.fensg.upe.br\/?page_id=1249","title":{"rendered":"Primeiros Socorros nas Escolas"},"content":{"rendered":"\n<p class=\"has-text-align-center\"><strong><mark style=\"background-color:rgba(0, 0, 0, 0)\" class=\"has-inline-color has-black-color\">PRIMEIROS SOCORROS NAS ESCOLAS: EDUCA\u00c7\u00c3O EM SA\u00daDE NA PREVEN\u00c7\u00c3O DE ACIDENTES E AGRAVOS.<\/mark><\/strong><br><br><\/p>\n\n\n\n<div class=\"clear\"><\/div><div class=\"toggle close\"><h3 class=\"toggle-head-open\"><strong>Objetivo<\/strong><i class=\"fa fa-angle-up\"><\/i><\/h3><h3 class=\"toggle-head-close\"><strong>Objetivo<\/strong><i class=\"fa fa-angle-down\"><\/i><\/h3><div class=\"toggle-content\">\n\t\t\t\n\n\n\n<p  align=\"justify\">Ofertar o ensinamento b\u00e1sico sobre t\u00e9cnicas de primeiros socorros em situa\u00e7\u00f5es de emerg\u00eancia\/urg\u00eancia cl\u00ednica ou traum\u00e1tica para estudantes a partir do 9\u00ba ano e do ensino m\u00e9dio.<\/p>\n\n\n\n\n\t\t\t<\/div><\/div>\n\n\n\n<div class=\"clear\"><\/div><div class=\"toggle close\"><h3 class=\"toggle-head-open\"><strong>P\u00fablico alvo<\/strong><i class=\"fa fa-angle-up\"><\/i><\/h3><h3 class=\"toggle-head-close\"><strong>P\u00fablico alvo<\/strong><i class=\"fa fa-angle-down\"><\/i><\/h3><div class=\"toggle-content\">\n\t\t\t\n\n\n\n<p  align=\"justify\">O p\u00fablico alvo \u00e9 composto por estudantes de escolas das redes de ensino p\u00fablico, do 9\u00ba ano do ensino fundamental ao 3\u00ba ano do ensino m\u00e9dio.<\/p>\n\n\n\n\n\t\t\t<\/div><\/div>\n\n\n\n<div class=\"clear\"><\/div><div class=\"toggle close\"><h3 class=\"toggle-head-open\"><strong>N\u00famero de beneficiados<\/strong><i class=\"fa fa-angle-up\"><\/i><\/h3><h3 class=\"toggle-head-close\"><strong>N\u00famero de beneficiados<\/strong><i class=\"fa fa-angle-down\"><\/i><\/h3><div class=\"toggle-content\">\n\t\t\t\n\n\n\n<p>N\u00famero estimado de pessoas beneficiadas: 8000 pessoas.<\/p>\n\n\n\n\n\t\t\t<\/div><\/div>\n\n\n\n<div class=\"clear\"><\/div><div class=\"toggle close\"><h3 class=\"toggle-head-open\"><strong>Coordena\u00e7\u00e3o Geral<\/strong><i class=\"fa fa-angle-up\"><\/i><\/h3><h3 class=\"toggle-head-close\"><strong>Coordena\u00e7\u00e3o Geral<\/strong><i class=\"fa fa-angle-down\"><\/i><\/h3><div class=\"toggle-content\">\n\t\t\t\n\n\n\n<p>Carmen Silvia Arraes de Alencar Valen\u00e7a\n\t\t\t<\/div><\/div>\n","protected":false},"excerpt":{"rendered":"<p>PRIMEIROS SOCORROS NAS ESCOLAS: EDUCA\u00c7\u00c3O EM SA\u00daDE NA PREVEN\u00c7\u00c3O DE ACIDENTES E AGRAVOS.<\/p>\n","protected":false},"author":2,"featured_media":0,"parent":0,"menu_order":0,"comment_status":"closed","ping_status":"closed","template":"","meta":[],"_links":{"self":[{"href":"https:\/\/www.fensg.upe.br\/index.php?rest_route=\/wp\/v2\/pages\/1249"}],"collection":[{"href":"https:\/\/www.fensg.upe.br\/index.php?rest_route=\/wp\/v2\/pages"}],"about":[{"href":"https:\/\/www.fensg.upe.br\/index.php?rest_route=\/wp\/v2\/types\/page"}],"author":[{"embeddable":true,"href":"https:\/\/www.fensg.upe.br\/index.php?rest_route=\/wp\/v2\/users\/2"}],"replies":[{"embeddable":true,"href":"https:\/\/www.fensg.upe.br\/index.php?rest_route=%2Fwp%2Fv2%2Fcomments&post=1249"}],"version-history":[{"count":3,"href":"https:\/\/www.fensg.upe.br\/index.php?rest_route=\/wp\/v2\/pages\/1249\/revisions"}],"predecessor-version":[{"id":1305,"href":"https:\/\/www.fensg.upe.br\/index.php?rest_route=\/wp\/v2\/pages\/1249\/revisions\/1305"}],"wp:attachment":[{"href":"https:\/\/www.fensg.upe.br\/index.php?rest_route=%2Fwp%2Fv2%2Fmedia&parent=1249"}],"curies":[{"name":"wp","href":"https:\/\/api.w.org\/{rel}","templated":true}]}}