{"id":1206,"date":"2023-07-25T12:40:06","date_gmt":"2023-07-25T15:40:06","guid":{"rendered":"https:\/\/www.fensg.upe.br\/?page_id=1206"},"modified":"2024-08-15T15:20:47","modified_gmt":"2024-08-15T18:20:47","slug":"editais","status":"publish","type":"page","link":"https:\/\/www.fensg.upe.br\/?page_id=1206","title":{"rendered":"Editais"},"content":{"rendered":"<div class=\"clear\"><\/div><div class=\"toggle close\"><h3 class=\"toggle-head-open\"><strong>EDITAL PAPGENF UPE\/UEPB PROCESSO SELETIVO PARA O CURSO DE DOUTORADO 2024<\/strong><i class=\"fa fa-angle-up\"><\/i><\/h3><h3 class=\"toggle-head-close\"><strong>EDITAL PAPGENF UPE\/UEPB PROCESSO SELETIVO PARA O CURSO DE DOUTORADO 2024<\/strong><i class=\"fa fa-angle-down\"><\/i><\/h3><div class=\"toggle-content\">\n\t\t\t\n<ul>\n \t<a href=\"https:\/\/www.fensg.upe.br\/wp-content\/uploads\/2024\/08\/EDITAL-DOUTORADO-SELECAO-DE-2024.pdf\" target=\"_blank\" rel=\"noopener\">EDITAL No 08\/2024<\/a>\n<\/ul>\n\n\t\t\t<\/div><\/div>\n\n\n<div class=\"clear\"><\/div><div class=\"toggle close\"><h3 class=\"toggle-head-open\"><strong>EDITAL PAPGENF UPE\/UEPB PROCESSO SELETIVO PARA O CURSO DE MESTRADO 2024<\/strong><i class=\"fa fa-angle-up\"><\/i><\/h3><h3 class=\"toggle-head-close\"><strong>EDITAL PAPGENF UPE\/UEPB PROCESSO SELETIVO PARA O CURSO DE MESTRADO 2024<\/strong><i class=\"fa fa-angle-down\"><\/i><\/h3><div class=\"toggle-content\">\n\t\t\t\n<ul>\n \t<a href=\"https:\/\/www.fensg.upe.br\/wp-content\/uploads\/2024\/08\/EDITAL-MESTRADO-SELECAO-2024.pdf\" target=\"_blank\" rel=\"noopener\">EDITAL No 07\/2024<\/a>\n<\/ul>\n<ul>\n \t<a href=\"https:\/\/www.fensg.upe.br\/wp-content\/uploads\/2024\/08\/LINK-PARA-INSCRICAO-NO-PROCESSO-SELETIVO-DE-MESTRADO-PAPGENF-2024.pdf\" target=\"_blank\" rel=\"noopener\">Link para Inscri\u00e7\u00e3o<\/a>\n<\/ul>\n\n\t\t\t<\/div><\/div>\n\n\n<div class=\"clear\"><\/div><div class=\"toggle close\"><h3 class=\"toggle-head-open\"><strong>Prorroga\u00e7\u00e3o das Inscri\u00e7\u00f5es para o Doutorado Sandu\u00edche no Exterior \u2013 PAPGEnf\/UPE\/UEPB<\/strong><i class=\"fa fa-angle-up\"><\/i><\/h3><h3 class=\"toggle-head-close\"><strong>Prorroga\u00e7\u00e3o das Inscri\u00e7\u00f5es para o Doutorado Sandu\u00edche no Exterior \u2013 PAPGEnf\/UPE\/UEPB<\/strong><i class=\"fa fa-angle-down\"><\/i><\/h3><div class=\"toggle-content\">\n\t\t\t\n<ul>\n \t<a href=\"https:\/\/www.fensg.upe.br\/wp-content\/uploads\/2023\/12\/prorrogao_das_inscries__doutorado_sanduche_2023.pdf\" target=\"_blank\" rel=\"noopener\">Informa\u00e7\u00f5es Gerais<\/a>\n<\/ul>\n<ul>\n \t<a href=\"https:\/\/www.fensg.upe.br\/wp-content\/uploads\/2023\/11\/EDITAL-SELECAO-INTERNA-PDSE-2023.pdf\" target=\"_blank\" rel=\"noopener\">EDITAL N\u00ba 30\/2023\u2013 PDSE\/CAPES<\/a>\n<\/ul>\n\n\t\t\t<\/div><\/div>\n\n\n<div class=\"clear\"><\/div><div class=\"toggle close\"><h3 class=\"toggle-head-open\"><strong>Edital de Sele\u00e7\u00e3o Interna para Doutorado Sandu\u00edche no Exterior \u2013 PAPGEnf\/UPE\/UEPB<\/strong><i class=\"fa fa-angle-up\"><\/i><\/h3><h3 class=\"toggle-head-close\"><strong>Edital de Sele\u00e7\u00e3o Interna para Doutorado Sandu\u00edche no Exterior \u2013 PAPGEnf\/UPE\/UEPB<\/strong><i class=\"fa fa-angle-down\"><\/i><\/h3><div class=\"toggle-content\">\n\t\t\t\n<ul>\n \t<a href=\"https:\/\/www.fensg.upe.br\/wp-content\/uploads\/2023\/11\/EDITAL-SELECAO-INTERNA-PDSE-2023.pdf\" target=\"_blank\" rel=\"noopener\">EDITAL N\u00ba 30\/2023\u2013 PDSE\/CAPES<\/a>\n<\/ul>\n\n\t\t\t<\/div><\/div>\n\n\n<div class=\"clear\"><\/div><div class=\"toggle close\"><h3 class=\"toggle-head-open\"><strong>Edital de Sele\u00e7\u00e3o de Doutorado 2024<\/strong><i class=\"fa fa-angle-up\"><\/i><\/h3><h3 class=\"toggle-head-close\"><strong>Edital de Sele\u00e7\u00e3o de Doutorado 2024<\/strong><i class=\"fa fa-angle-down\"><\/i><\/h3><div class=\"toggle-content\">\n\t\t\t\n<p><a href=\"https:\/\/www.fensg.upe.br\/wp-content\/uploads\/2023\/08\/EDITAL-DOUTORADO-2024.pdf\" target=\"_blank\" rel=\"noopener\">Edital de Sele\u00e7\u00e3o de Doutorado 2024<\/a><\/p>\n\n\t\t\t<\/div><\/div>\n\n\n<div class=\"clear\"><\/div><div class=\"toggle close\"><h3 class=\"toggle-head-open\"><strong>Edital de Sele\u00e7\u00e3o de Mestrado 2024<\/strong><i class=\"fa fa-angle-up\"><\/i><\/h3><h3 class=\"toggle-head-close\"><strong>Edital de Sele\u00e7\u00e3o de Mestrado 2024<\/strong><i class=\"fa fa-angle-down\"><\/i><\/h3><div class=\"toggle-content\">\n\t\t\t\n<p><a href=\"https:\/\/www.fensg.upe.br\/wp-content\/uploads\/2023\/08\/EDITAL-MESTRADO-2024.pdf\" target=\"_blank\" rel=\"noopener\">Edital de Sele\u00e7\u00e3o de Mestrado 2024<\/a><\/p>\n\n\t\t\t<\/div><\/div>\n\n\n<div class=\"clear\"><\/div><div class=\"toggle close\"><h3 class=\"toggle-head-open\"><strong>Edital de Sele\u00e7\u00e3o do Doutorado Sanduiche 2023<\/strong><i class=\"fa fa-angle-up\"><\/i><\/h3><h3 class=\"toggle-head-close\"><strong>Edital de Sele\u00e7\u00e3o do Doutorado Sanduiche 2023<\/strong><i class=\"fa fa-angle-down\"><\/i><\/h3><div class=\"toggle-content\">\n\t\t\t\n<p><a href=\"https:\/\/www.fensg.upe.br\/wp-content\/uploads\/2023\/02\/edital_seleo_interna_para_doutorado_sanduche_no_exterior__papgenfupeuepb.pdf\" target=\"_blank\" rel=\"noopener\">Edital de Sele\u00e7\u00e3o do Doutorado Sanduiche 2023<\/a><\/p>\n\n\t\t\t<\/div><\/div>\n\n\n<div class=\"clear\"><\/div><div class=\"toggle close\"><h3 class=\"toggle-head-open\"><strong>Prorroga\u00e7\u00e3o do Processo Seletivo Extraordin\u00e1rio Mestrado 2023<\/strong><i class=\"fa fa-angle-up\"><\/i><\/h3><h3 class=\"toggle-head-close\"><strong>Prorroga\u00e7\u00e3o do Processo Seletivo Extraordin\u00e1rio Mestrado 2023<\/strong><i class=\"fa fa-angle-down\"><\/i><\/h3><div class=\"toggle-content\">\n\t\t\t\n<p><a href=\"https:\/\/w2.solucaoatrio.net.br\/somos\/upe-papgenf\/index.php\/pt\/\" target=\"_blank\" rel=\"noopener\">Processo Seletivo Extraordin\u00e1rio Mestrado 2023<\/a><\/p>\n\n\t\t\t<\/div><\/div>\n\n\n<div class=\"clear\"><\/div><div class=\"toggle close\"><h3 class=\"toggle-head-open\"><strong>Edital Extraordin\u00e1rio Mestrado 2023<\/strong><i class=\"fa fa-angle-up\"><\/i><\/h3><h3 class=\"toggle-head-close\"><strong>Edital Extraordin\u00e1rio Mestrado 2023<\/strong><i class=\"fa fa-angle-down\"><\/i><\/h3><div class=\"toggle-content\">\n\t\t\t\n<p><a href=\"https:\/\/www.fensg.upe.br\/wp-content\/uploads\/2022\/12\/edital_seleo_extraordinaria.pdf\" target=\"_blank\" rel=\"noopener\">EDITAL EXTRAORDIN\u00c1RIO MESTRADO 2023<\/a><\/p>\n\n\t\t\t<\/div><\/div>\n\n\n<div class=\"clear\"><\/div><div class=\"toggle close\"><h3 class=\"toggle-head-open\"><strong>Processo Seletivo para Bolsa de P\u00f3s-Doutorado - FAPESQ<\/strong><i class=\"fa fa-angle-up\"><\/i><\/h3><h3 class=\"toggle-head-close\"><strong>Processo Seletivo para Bolsa de P\u00f3s-Doutorado - FAPESQ<\/strong><i class=\"fa fa-angle-down\"><\/i><\/h3><div class=\"toggle-content\">\n\t\t\t\n<p><a href=\"https:\/\/www.fensg.upe.br\/wp-content\/uploads\/2017\/10\/Edital-1.pdf\" target=\"_blank\" rel=\"noopener\">EDITAL PROCESSO SELETIVO PARA BOLSA DE P\u00d3S-DOUTORADO \u2013 FAPESQ<\/a><\/p>\n\n\t\t\t<\/div><\/div>\n\n\n<div class=\"clear\"><\/div><div class=\"toggle close\"><h3 class=\"toggle-head-open\"><strong>Processo Seletivo 2022-2023<\/strong><i class=\"fa fa-angle-up\"><\/i><\/h3><h3 class=\"toggle-head-close\"><strong>Processo Seletivo 2022-2023<\/strong><i class=\"fa fa-angle-down\"><\/i><\/h3><div class=\"toggle-content\">\n\t\t\t\n<ol>\n<li><a href=\"https:\/\/www.fensg.upe.br\/wp-content\/uploads\/2017\/10\/ERRATA-DOUTORADO.pdf\" target=\"_blank\" rel=\"noopener\">ERRATA EDITAL DOUTORADO<\/a><\/li>\n<li><a href=\"https:\/\/www.fensg.upe.br\/wp-content\/uploads\/2017\/10\/ERRATA-MESTRADO.pdf\" target=\"_blank\" rel=\"noopener\">ERRATA EDITAL MESTRADO<\/a><\/li>\n<li><a href=\"https:\/\/www.fensg.upe.br\/wp-content\/uploads\/2017\/10\/EDITAL-DOUTORADO-2022_23-.pdf\">EDITAL DOUTORADO 2022_23<\/a><\/li>\n<li><a href=\"https:\/\/www.fensg.upe.br\/wp-content\/uploads\/2017\/10\/EDITAL-MESTRADO-2022_23-.pdf\">EDITAL MESTRADO 2022_23<\/a><\/li>\n<\/ol>\n\n\t\t\t<\/div><\/div>\n\n\n<div class=\"clear\"><\/div><div class=\"toggle close\"><h3 class=\"toggle-head-open\"><strong>Calend\u00e1rio Acad\u00eamico 2022.2 para os cursos de Mestrado e Doutorado<\/strong><i class=\"fa fa-angle-up\"><\/i><\/h3><h3 class=\"toggle-head-close\"><strong>Calend\u00e1rio Acad\u00eamico 2022.2 para os cursos de Mestrado e Doutorado<\/strong><i class=\"fa fa-angle-down\"><\/i><\/h3><div class=\"toggle-content\">\n\t\t\t\n<ul>\n<li><a href=\"https:\/\/www.fensg.upe.br\/wp-content\/uploads\/2017\/10\/Calend\u00e1rio-Acad\u00eamico-2022.2.pdf\" target=\"_blank\" rel=\"noopener\">Calend\u00e1rio Acad\u00eamico 2022.2<\/a><\/li>\n<\/ul>\n\n\t\t\t<\/div><\/div>\n","protected":false},"excerpt":{"rendered":"","protected":false},"author":2,"featured_media":0,"parent":0,"menu_order":0,"comment_status":"closed","ping_status":"closed","template":"","meta":[],"_links":{"self":[{"href":"https:\/\/www.fensg.upe.br\/index.php?rest_route=\/wp\/v2\/pages\/1206"}],"collection":[{"href":"https:\/\/www.fensg.upe.br\/index.php?rest_route=\/wp\/v2\/pages"}],"about":[{"href":"https:\/\/www.fensg.upe.br\/index.php?rest_route=\/wp\/v2\/types\/page"}],"author":[{"embeddable":true,"href":"https:\/\/www.fensg.upe.br\/index.php?rest_route=\/wp\/v2\/users\/2"}],"replies":[{"embeddable":true,"href":"https:\/\/www.fensg.upe.br\/index.php?rest_route=%2Fwp%2Fv2%2Fcomments&post=1206"}],"version-history":[{"count":8,"href":"https:\/\/www.fensg.upe.br\/index.php?rest_route=\/wp\/v2\/pages\/1206\/revisions"}],"predecessor-version":[{"id":1809,"href":"https:\/\/www.fensg.upe.br\/index.php?rest_route=\/wp\/v2\/pages\/1206\/revisions\/1809"}],"wp:attachment":[{"href":"https:\/\/www.fensg.upe.br\/index.php?rest_route=%2Fwp%2Fv2%2Fmedia&parent=1206"}],"curies":[{"name":"wp","href":"https:\/\/api.w.org\/{rel}","templated":true}]}}