{"id":1204,"date":"2023-07-25T12:40:06","date_gmt":"2023-07-25T15:40:06","guid":{"rendered":"https:\/\/www.fensg.upe.br\/?page_id=1204"},"modified":"2023-07-25T13:20:42","modified_gmt":"2023-07-25T16:20:42","slug":"sobre-nos","status":"publish","type":"page","link":"https:\/\/www.fensg.upe.br\/?page_id=1204","title":{"rendered":"Sobre N\u00f3s"},"content":{"rendered":"\n<p>O Programa Associado de P\u00f3s-Gradua\u00e7\u00e3o em Enfermagem UPE\/UEPB tem como objetivo desempenhar um papel relevante na forma\u00e7\u00e3o de pesquisadores e na qualifica\u00e7\u00e3o especializada de recursos humanos na \u00e1rea de enfermagem com autonomia e capacidade de planejamento em sua \u00e1rea de concentra\u00e7\u00e3o. Al\u00e9m disso, visa desempenhar e desenvolver atividades relacionadas \u00e0 pesquisa, ensino e extens\u00e3o na \u00e1rea de enfermagem de forma interdisciplinar e com vis\u00e3o m\u00faltipla.<\/p>\n\n\n\n<p><mark style=\"background-color:rgba(0, 0, 0, 0)\" class=\"has-inline-color has-black-color\"><strong>Objetivos:<\/strong><\/mark><\/p>\n\n\n\n<ol>\n<li>Estimular a pesquisa e o desenvolvimento do conhecimento na \u00e1rea de Sa\u00fade e Enfermagem.<\/li>\n\n\n\n<li>Atuar em uma \u00e1rea de forma\u00e7\u00e3o em pesquisa comprometida com a investiga\u00e7\u00e3o de problemas relevantes para o desenvolvimento da \u00e1rea visando \u00e0 melhoria da qualidade de vida da sociedade.<\/li>\n\n\n\n<li>Contribuir para a melhoria das atividades de investiga\u00e7\u00e3o desenvolvidas pelos grupos de investiga\u00e7\u00e3o em fase de implementa\u00e7\u00e3o ou consolida\u00e7\u00e3o.<\/li>\n\n\n\n<li>Contribuir para a forma\u00e7\u00e3o e fixa\u00e7\u00e3o de pesquisadores no Nordeste do Brasil.<\/li>\n<\/ol>\n\n\n\n<p><\/p>\n\n\n\n<p><\/p>\n\n\n\n<p><\/p>\n\n\n\n<p>O programa compreende os cursos de doutorado e mestrado em Enfermagem. Com nota 4 obtida na avalia\u00e7\u00e3o trienal 2010 a 2012, vem envidando esfor\u00e7os com seus docentes e discentes em dire\u00e7\u00e3o \u00e0 meta do n\u00edvel de excel\u00eancia<\/p>\n\n\n\n<p>Para cumprir a sua miss\u00e3o e atingir os seus objetivos, o programa estrutura-se em torno de uma \u00e1rea de concentra\u00e7\u00e3o e de tr\u00eas linhas de investiga\u00e7\u00e3o. Os projetos de investiga\u00e7\u00e3o que det\u00eam especificidades com a \u00e1rea do curso e a grande \u00e1rea em que se inserem, para al\u00e9m de formarem os enfermeiros e outros profissionais de sa\u00fade a n\u00edvel stricto sensu. <\/p>\n\n\n\n<p><\/p>\n\n\n\n<p>Mais informa\u00e7\u00f5es: <a href=\"https:\/\/w2.solucaoatrio.net.br\/somos\/upe-papgenf\/index.php\/pt\/apresentacao\"><em><mark style=\"background-color:rgba(0, 0, 0, 0)\" class=\"has-inline-color has-vivid-cyan-blue-color\">https:\/\/w2.solucaoatrio.net.br\/somos\/upe-papgenf\/index.php\/pt\/apresentacao<\/mark><\/em><\/a><\/p>\n","protected":false},"excerpt":{"rendered":"<p>O Programa Associado de P\u00f3s-Gradua\u00e7\u00e3o em Enfermagem UPE\/UEPB tem como objetivo desempenhar um papel relevante na forma\u00e7\u00e3o de pesquisadores e na qualifica\u00e7\u00e3o especializada de recursos humanos na \u00e1rea de enfermagem com autonomia e capacidade de planejamento em sua \u00e1rea de concentra\u00e7\u00e3o. Al\u00e9m disso, visa desempenhar e desenvolver atividades relacionadas \u00e0 pesquisa, ensino e extens\u00e3o na &hellip;<\/p>\n","protected":false},"author":2,"featured_media":0,"parent":0,"menu_order":0,"comment_status":"closed","ping_status":"closed","template":"","meta":[],"_links":{"self":[{"href":"https:\/\/www.fensg.upe.br\/index.php?rest_route=\/wp\/v2\/pages\/1204"}],"collection":[{"href":"https:\/\/www.fensg.upe.br\/index.php?rest_route=\/wp\/v2\/pages"}],"about":[{"href":"https:\/\/www.fensg.upe.br\/index.php?rest_route=\/wp\/v2\/types\/page"}],"author":[{"embeddable":true,"href":"https:\/\/www.fensg.upe.br\/index.php?rest_route=\/wp\/v2\/users\/2"}],"replies":[{"embeddable":true,"href":"https:\/\/www.fensg.upe.br\/index.php?rest_route=%2Fwp%2Fv2%2Fcomments&post=1204"}],"version-history":[{"count":3,"href":"https:\/\/www.fensg.upe.br\/index.php?rest_route=\/wp\/v2\/pages\/1204\/revisions"}],"predecessor-version":[{"id":1220,"href":"https:\/\/www.fensg.upe.br\/index.php?rest_route=\/wp\/v2\/pages\/1204\/revisions\/1220"}],"wp:attachment":[{"href":"https:\/\/www.fensg.upe.br\/index.php?rest_route=%2Fwp%2Fv2%2Fmedia&parent=1204"}],"curies":[{"name":"wp","href":"https:\/\/api.w.org\/{rel}","templated":true}]}}