{"id":1021,"date":"2023-02-24T11:57:13","date_gmt":"2023-02-24T14:57:13","guid":{"rendered":"http:\/\/www.fensg.upe.br\/?page_id=1021"},"modified":"2023-07-25T12:07:09","modified_gmt":"2023-07-25T15:07:09","slug":"biblioteca","status":"publish","type":"page","link":"https:\/\/www.fensg.upe.br\/?page_id=1021","title":{"rendered":"Biblioteca"},"content":{"rendered":"\n<p class=\"has-black-color has-text-color has-medium-font-size\"><strong>BIBLIOTECA IRM\u00c3 MARCILLAC<\/strong><\/p>\n\n\n\n<p>A Faculdade de Enfermagem Nossa Senhora das Gra\u00e7as (FENSG) foi criada em 1945, pela Associa\u00e7\u00e3o S\u00e3o Vicente de Paulo, integrando-se a Funda\u00e7\u00e3o de Ensino Superior de Pernambuco (FESP). Posteriormente, a FESP foi transformada em Universidade de Pernambuco (UPE), atrav\u00e9s da Portaria do MEC n\u00ba. 964 de 12 de junho de 1991.<br>Atualmente, a FENSG forma cursos de Gradua\u00e7\u00e3o (Enfermagem e Ci\u00eancias Sociais), Cursos Lato Senso e Stricto Senso (Mestrado e doutorado em Enfermagem). E est\u00e1 localizada na Rua Arn\u00f3bio Marques, 310, no bairro de Santo Amaro, na cidade de Recife-PE.<br>A biblioteca da FENSG atende alunos, professores, funcion\u00e1rios e p\u00fablico em geral com o nosso acervo f\u00edsico e as diversas plataformas de livros, Teses, Disserta\u00e7\u00f5es e peri\u00f3dicos virtuais que s\u00e3o:<br><\/p>\n\n\n\n<p><\/p>\n\n\n\n<p><\/p>\n\n\n\n<p class=\"has-text-align-left\"><strong>Acessos abertos:<\/strong><br><strong>Biblioteca Virtual em Sa\u00fade:<\/strong> <a rel=\"noreferrer noopener\" href=\"http:\/\/www.bvsalud.org\" data-type=\"URL\" data-id=\"www.bvsalud.org\" target=\"_blank\"><em><mark style=\"background-color:rgba(0, 0, 0, 0)\" class=\"has-inline-color has-vivid-cyan-blue-color\">www.bvsalud.org<\/mark><\/em><\/a><br><strong>Scielo:<\/strong> <a rel=\"noreferrer noopener\" href=\"http:\/\/www.scielo.org\" data-type=\"URL\" data-id=\"www.scielo.org\" target=\"_blank\"><em><mark style=\"background-color:rgba(0, 0, 0, 0)\" class=\"has-inline-color has-vivid-cyan-blue-color\">www.scielo.org<\/mark><\/em><\/a> e <a rel=\"noreferrer noopener\" href=\"http:\/\/www.scielo.br\" data-type=\"URL\" data-id=\"www.scielo.br\" target=\"_blank\"><em><mark style=\"background-color:rgba(0, 0, 0, 0)\" class=\"has-inline-color has-vivid-cyan-blue-color\">www.scielo.br<\/mark><\/em><\/a>.<br><strong>Biblioteca Digital de Teses e Disserta\u00e7\u00f5es:<\/strong> <a rel=\"noreferrer noopener\" href=\"http:\/\/www.bdtd.br\" data-type=\"URL\" data-id=\"www.bdtd.br\" target=\"_blank\"><em><mark style=\"background-color:rgba(0, 0, 0, 0)\" class=\"has-inline-color has-vivid-cyan-blue-color\">www.bdtd.br<\/mark><\/em><\/a> <\/p>\n\n\n\n<p class=\"has-text-align-left\"><strong>Acessos Assinados pela Universidade de Pernambuco, atrav\u00e9s do N\u00facleo de Gest\u00e3o de Biblioteca Documenta\u00e7\u00e3o \u2013 NBID:<br><\/strong><\/p>\n\n\n\n<p class=\"has-text-align-left\"><strong>Minha Biblioteca:<\/strong> <a rel=\"noreferrer noopener\" href=\"https:\/\/dliportal.zbra.com.br\/Login.aspx?key=UPE\" target=\"_blank\"><em><mark style=\"background-color:rgba(0, 0, 0, 0)\" class=\"has-inline-color has-vivid-cyan-blue-color\">https:\/\/dliportal.zbra.com.br\/Login.aspx?key=UPE<\/mark><\/em><\/a><br><strong>BV Pearson Biblioteca Virtual:<\/strong> <a rel=\"noreferrer noopener\" href=\"https:\/\/plataforma.bvirtual.com.br\/Account\/LoginredirectUrl=%2F\" target=\"_blank\"><em><mark style=\"background-color:rgba(0, 0, 0, 0)\" class=\"has-inline-color has-vivid-cyan-blue-color\">https:\/\/plataforma.bvirtual.com.br\/Account\/LoginredirectUrl=%2F<\/mark><\/em><\/a><br><strong>Complet Anatomy<\/strong> \u00e9 uma ferramenta que funciona atrav\u00e9s de um aplicativo (APP)<br>da Elsevier.<br><br><\/p>\n\n\n\n<p class=\"has-text-align-center\"><strong>Precisando de maiores esclarecimentos, consultem a biblioteca.<\/strong><\/p>\n\n\n\n<h2><\/h2>\n","protected":false},"excerpt":{"rendered":"<p>BIBLIOTECA IRM\u00c3 MARCILLAC A Faculdade de Enfermagem Nossa Senhora das Gra\u00e7as (FENSG) foi criada em 1945, pela Associa\u00e7\u00e3o S\u00e3o Vicente de Paulo, integrando-se a Funda\u00e7\u00e3o de Ensino Superior de Pernambuco (FESP). Posteriormente, a FESP foi transformada em Universidade de Pernambuco (UPE), atrav\u00e9s da Portaria do MEC n\u00ba. 964 de 12 de junho de 1991.Atualmente, a &hellip;<\/p>\n","protected":false},"author":2,"featured_media":0,"parent":0,"menu_order":0,"comment_status":"closed","ping_status":"closed","template":"","meta":[],"_links":{"self":[{"href":"https:\/\/www.fensg.upe.br\/index.php?rest_route=\/wp\/v2\/pages\/1021"}],"collection":[{"href":"https:\/\/www.fensg.upe.br\/index.php?rest_route=\/wp\/v2\/pages"}],"about":[{"href":"https:\/\/www.fensg.upe.br\/index.php?rest_route=\/wp\/v2\/types\/page"}],"author":[{"embeddable":true,"href":"https:\/\/www.fensg.upe.br\/index.php?rest_route=\/wp\/v2\/users\/2"}],"replies":[{"embeddable":true,"href":"https:\/\/www.fensg.upe.br\/index.php?rest_route=%2Fwp%2Fv2%2Fcomments&post=1021"}],"version-history":[{"count":14,"href":"https:\/\/www.fensg.upe.br\/index.php?rest_route=\/wp\/v2\/pages\/1021\/revisions"}],"predecessor-version":[{"id":1191,"href":"https:\/\/www.fensg.upe.br\/index.php?rest_route=\/wp\/v2\/pages\/1021\/revisions\/1191"}],"wp:attachment":[{"href":"https:\/\/www.fensg.upe.br\/index.php?rest_route=%2Fwp%2Fv2%2Fmedia&parent=1021"}],"curies":[{"name":"wp","href":"https:\/\/api.w.org\/{rel}","templated":true}]}}